{"id":3358,"date":"2022-05-07T00:56:08","date_gmt":"2022-05-07T00:56:08","guid":{"rendered":"https:\/\/compremor.com\/comprar-oro\/"},"modified":"2022-07-14T09:50:55","modified_gmt":"2022-07-14T09:50:55","slug":"comprar-or","status":"publish","type":"page","link":"https:\/\/compremor.com\/ca\/comprar-or\/","title":{"rendered":"Comprar or"},"content":{"rendered":"\n<div class=\"wp-block-media-text alignfull has-media-on-the-right is-stacked-on-mobile is-vertically-aligned-center is-image-fill tall dark-bg-color header\"><figure class=\"wp-block-media-text__media\" style=\"background-image:url(http:\/\/compremor.com\/wp-content\/uploads\/2022\/05\/vender-oro-barcelona-726x1024.png);background-position:50% 50%\"><img decoding=\"async\" width=\"726\" height=\"1024\" src=\"http:\/\/compremor.com\/wp-content\/uploads\/2022\/05\/vender-oro-barcelona-726x1024.png\" alt=\"\" class=\"wp-image-316 size-full\" srcset=\"https:\/\/compremor.com\/wp-content\/uploads\/2022\/05\/vender-oro-barcelona-726x1024.png 726w, https:\/\/compremor.com\/wp-content\/uploads\/2022\/05\/vender-oro-barcelona-213x300.png 213w, https:\/\/compremor.com\/wp-content\/uploads\/2022\/05\/vender-oro-barcelona-768x1083.png 768w, https:\/\/compremor.com\/wp-content\/uploads\/2022\/05\/vender-oro-barcelona-1089x1536.png 1089w, https:\/\/compremor.com\/wp-content\/uploads\/2022\/05\/vender-oro-barcelona.png 1420w\" sizes=\"(max-width: 726px) 100vw, 726px\" \/><\/figure><div class=\"wp-block-media-text__content\"><div id=\"container-block_629535bd7672e\" class=\"wp-block-group wp-block-container small-padding-top small-padding-bottom none-margin-top none-margin-bottom small-wrapper none-bg-color normal-padding-left-right\">\n    \n\n<h1 class=\"wp-block-heading\">Comprar Lingots <br>d&#8217;Or<\/h1>\n\n\n\n<p>En COMPREM OR t&#8217;oferim l&#8217;oportunitat de comprar lingots d&#8217;or com a inversi\u00f3. Gr\u00e0cies a la capacitat per a mantenir el seu valor en moments de crisi econ\u00f2mica i pol\u00edtica, l&#8217;or \u00e9s un dels millors refugis monetaris que existeixen.<\/p>\n\n<\/div><\/div><\/div>\n\n\n<div id=\"container-block_62842bb11600f\" class=\"wp-block-group wp-block-container big-padding-top big-padding-bottom none-margin-top none-margin-bottom alt-medium-bg-color none-padding-left-right\">\n    <div class=\"big-wrapper\">\n\n<h2 class=\"has-text-align-center prominent wp-block-heading\">Descobreix el nostre cat\u00e0leg de lingots d\u2019or per a inversi\u00f3<\/h2>\n\n\n<div id=\"container-block_62842db81601a\" class=\"columns columns-3 none-padding-top none-padding-bottom none-margin-top none-margin-bottom none-padding-left-right\">\n    \n<div id=\"container-block_6284303f1602b\" class=\"column wp-block-container none-padding-top none-padding-bottom none-margin-top none-margin-bottom none-padding-left-right\">\n    \n\n<div class=\"wp-block-image small-padding-bottom\"><figure class=\"aligncenter size-full\"><img decoding=\"async\" width=\"151\" height=\"290\" src=\"http:\/\/compremor.com\/wp-content\/uploads\/2022\/06\/IMG_0073-1-1.png\" alt=\"\" class=\"wp-image-1468\"\/><\/figure><\/div>\n\n\n\n<h3 class=\"has-text-align-center wp-block-heading\">Lingot Or 10Gr Sempsa<\/h3>\n\n\n\n<p class=\"has-text-align-center\">Lingot d&#8217;Or Bl\u00edster<\/p>\n\n\n\n<p class=\"has-text-align-center price small-padding-top\"><\/p>\n\n<\/div>\n\n<div id=\"container-block_62a9daa442119\" class=\"column wp-block-container none-padding-top none-padding-bottom none-margin-top none-margin-bottom none-padding-left-right\">\n    \n\n<div class=\"wp-block-image small-padding-bottom\"><figure class=\"aligncenter size-full\"><img decoding=\"async\" width=\"145\" height=\"290\" src=\"http:\/\/compremor.com\/wp-content\/uploads\/2022\/06\/Crisso_Inversiones_Prodcutos_032_1__3_-removebg-preview.png\" alt=\"\" class=\"wp-image-660\"\/><\/figure><\/div>\n\n\n\n<h3 class=\"has-text-align-center wp-block-heading\">Lingot Or 20Gr Sempsa<\/h3>\n\n\n\n<p class=\"has-text-align-center\">Lingot d&#8217;Or Bl\u00edster<\/p>\n\n\n\n<p class=\"has-text-align-center price small-padding-top\"><\/p>\n\n<\/div>\n\n<div id=\"container-block_628430411602d\" class=\"column wp-block-container none-padding-top none-padding-bottom none-margin-top none-margin-bottom none-padding-left-right\">\n    \n\n<div class=\"wp-block-image small-padding-bottom\"><figure class=\"aligncenter size-full\"><img decoding=\"async\" width=\"147\" height=\"291\" src=\"http:\/\/compremor.com\/wp-content\/uploads\/2022\/06\/Crisso_Inversiones_Prodcutos_031-2.png\" alt=\"\" class=\"wp-image-1469\"\/><\/figure><\/div>\n\n\n\n<h3 class=\"has-text-align-center wp-block-heading\">Lingot Or 1 Onza Sempsa<\/h3>\n\n\n\n<p class=\"has-text-align-center\">Lingot d&#8217;Or Bl\u00edster<\/p>\n\n\n\n<p class=\"has-text-align-center price small-padding-top\"><\/p>\n\n<\/div>\n\n<div id=\"container-block_6284304916033\" class=\"column wp-block-container none-padding-top none-padding-bottom none-margin-top none-margin-bottom none-padding-left-right\">\n    \n\n<div class=\"wp-block-image small-padding-bottom\"><figure class=\"aligncenter size-full\"><img decoding=\"async\" width=\"171\" height=\"290\" src=\"http:\/\/compremor.com\/wp-content\/uploads\/2022\/06\/Crisso_Inversiones_Prodcutos_032-1-3www.png\" alt=\"\" class=\"wp-image-1422\"\/><\/figure><\/div>\n\n\n\n<h3 class=\"has-text-align-center wp-block-heading\">Lingot Or 50Gr Sempsa<\/h3>\n\n\n\n<p class=\"has-text-align-center\">Lingot d&#8217;Or Bl\u00edster<\/p>\n\n\n\n<p class=\"has-text-align-center price small-padding-top\"><\/p>\n\n<\/div>\n\n<div id=\"container-block_62842beb16010\" class=\"column wp-block-container none-padding-top none-padding-bottom none-margin-top none-margin-bottom none-padding-left-right\">\n    \n\n<div class=\"wp-block-image small-padding-bottom\"><figure class=\"aligncenter size-full\"><img decoding=\"async\" width=\"145\" height=\"290\" src=\"http:\/\/compremor.com\/wp-content\/uploads\/2022\/06\/Crisso_Inversiones_Prodcutos_032_1__4_-removebg-preview.png\" alt=\"\" class=\"wp-image-659\"\/><\/figure><\/div>\n\n\n\n<h3 class=\"has-text-align-center wp-block-heading\">Lingot Or 100Gr Sempsa<\/h3>\n\n\n\n<p class=\"has-text-align-center\">Lingot d&#8217;Or Bl\u00edster<\/p>\n\n\n\n<p class=\"has-text-align-center price small-padding-top\"><\/p>\n\n<\/div>\n\n<div id=\"container-block_62a1afc157adb\" class=\"column wp-block-container none-padding-top none-padding-bottom none-margin-top none-margin-bottom none-padding-left-right\">\n    \n\n<div class=\"wp-block-image small-padding-bottom\"><figure class=\"aligncenter size-full\"><img decoding=\"async\" width=\"125\" height=\"290\" src=\"http:\/\/compremor.com\/wp-content\/uploads\/2022\/06\/Crisso_Inversiones_Prodcutos_013-1-435x546-1.png\" alt=\"\" class=\"wp-image-1418\"\/><\/figure><\/div>\n\n\n\n<h3 class=\"has-text-align-center wp-block-heading\">Lingot Or 250Gr Sempsa<\/h3>\n\n\n\n<p class=\"has-text-align-center\">Lingot d&#8217;Or Bl\u00edster<\/p>\n\n\n\n<p class=\"has-text-align-center price small-padding-top\"><\/p>\n\n<\/div>\n\n<div id=\"container-block_628430451602f\" class=\"column wp-block-container none-padding-top none-padding-bottom none-margin-top none-margin-bottom none-padding-left-right\">\n    \n\n<div class=\"wp-block-image small-padding-bottom\"><figure class=\"aligncenter size-full\"><img decoding=\"async\" width=\"145\" height=\"290\" src=\"http:\/\/compremor.com\/wp-content\/uploads\/2022\/06\/Crisso_Inversiones_Prodcutos_032_1__1_-removebg-preview.png\" alt=\"\" class=\"wp-image-640\"\/><\/figure><\/div>\n\n\n\n<h3 class=\"has-text-align-center wp-block-heading\">Lingot Or 500Gr Sempsa<\/h3>\n\n\n\n<p class=\"has-text-align-center\">Lingot d&#8217;Or Bl\u00edster<\/p>\n\n\n\n<p class=\"has-text-align-center price small-padding-top\"><\/p>\n\n<\/div>\n\n<div id=\"container-block_62a8a714b143f\" class=\"column wp-block-container none-padding-top none-padding-bottom none-margin-top none-margin-bottom none-padding-left-right\">\n    \n\n<div class=\"wp-block-image small-padding-bottom\"><figure class=\"aligncenter size-full\"><img decoding=\"async\" width=\"139\" height=\"283\" src=\"http:\/\/compremor.com\/wp-content\/uploads\/2022\/06\/IMG_0029-1.png\" alt=\"\" class=\"wp-image-1427\"\/><\/figure><\/div>\n\n\n\n<h3 class=\"has-text-align-center wp-block-heading\">Lingot Or 1000 Gr Sempsa<\/h3>\n\n\n\n<p class=\"has-text-align-center\">Lingot d&#8217;Or Bl\u00edster<\/p>\n\n\n\n<p class=\"has-text-align-center price small-padding-top\"><\/p>\n\n<\/div>\n<\/div>\n<\/div><\/div>\n\n<div id=\"container-block_62a8a9a8b1458\" class=\"wp-block-group wp-block-container none-padding-top big-padding-bottom none-margin-top none-margin-bottom alt-medium-bg-color normal-padding-left-right\">\n    <div class=\"big-wrapper\">\n\n<p class=\"has-text-align-center prominent\" style=\"font-size:22px\">Per a con\u00e8ixer els preus\/cotitzacions dels lingots, si us plau, truca al <span style=\"text-decoration: underline;\">932720027<\/span> de 10h a 14.00h o escriure a <a href=\"mailto:crissoinversiones@yahoo.com\">crissoinversiones@yahoo.com<\/a> indicant el producte en el qual est\u00e0s interessat, quantitat i dades de contacte.<\/p>\n\n\n\n<div style=\"height:10px\" aria-hidden=\"true\" class=\"wp-block-spacer\"><\/div>\n\n\n\n<p class=\"has-text-align-center prominent\" style=\"font-size:22px\">Et respondrem al m\u00e9s aviat possible.<\/p>\n\n\n\n<div style=\"height:10px\" aria-hidden=\"true\" class=\"wp-block-spacer\"><\/div>\n\n\n\n<p class=\"has-text-align-center prominent\" style=\"font-size:22px\">Comanda m\u00ednima 500 euros per a comprar lingots d&#8217;or.<\/p>\n\n\n\n<div class=\"wp-block-columns is-layout-flex wp-container-core-columns-is-layout-9d6595d7 wp-block-columns-is-layout-flex\">\n<div class=\"wp-block-column is-layout-flow wp-block-column-is-layout-flow\"><\/div>\n\n\n\n<div class=\"wp-block-column is-layout-flow wp-block-column-is-layout-flow\"><\/div>\n<\/div>\n\n<\/div><\/div>\n\n<div id=\"container-block_627df3d75cd14\" class=\"block-media-text-group wp-block-container none-padding-top none-padding-bottom none-margin-top none-margin-bottom dark-bg-color none-padding-left-right\">\n    \n\n<div class=\"wp-block-media-text alignwide has-media-on-the-right is-stacked-on-mobile is-image-fill tall\"><figure class=\"wp-block-media-text__media\" style=\"background-image:url(http:\/\/compremor.com\/wp-content\/uploads\/2022\/05\/comrpar-lingotes2-min-726x1024.png);background-position:50% 50%\"><img decoding=\"async\" width=\"726\" height=\"1024\" src=\"http:\/\/compremor.com\/wp-content\/uploads\/2022\/05\/comrpar-lingotes2-min-726x1024.png\" alt=\"\" class=\"wp-image-229 size-full\" srcset=\"https:\/\/compremor.com\/wp-content\/uploads\/2022\/05\/comrpar-lingotes2-min-726x1024.png 726w, https:\/\/compremor.com\/wp-content\/uploads\/2022\/05\/comrpar-lingotes2-min-213x300.png 213w, https:\/\/compremor.com\/wp-content\/uploads\/2022\/05\/comrpar-lingotes2-min-768x1083.png 768w, https:\/\/compremor.com\/wp-content\/uploads\/2022\/05\/comrpar-lingotes2-min-1089x1536.png 1089w, https:\/\/compremor.com\/wp-content\/uploads\/2022\/05\/comrpar-lingotes2-min.png 1418w\" sizes=\"(max-width: 726px) 100vw, 726px\" \/><\/figure><div class=\"wp-block-media-text__content\">\n<h2 class=\"has-text-align-left prominent wp-block-heading\">Per qu\u00e8 comprar or \u00e9s la millor inversi\u00f3?<\/h2>\n\n\n\n<p>Invertir en or ha estat des de fa segles un dels millors refugis de valor per a inversors, en moments d&#8217;inestabilitat. La seva alta cotitzaci\u00f3 de mercat i capacitat de retenci\u00f3 de preu ho fan ser una de les apostes m\u00e9s segures a llarg termini.<\/p>\n\n\n\n<div style=\"height:10px\" aria-hidden=\"true\" class=\"wp-block-spacer\"><\/div>\n\n\n\n<p>No hem de retrocedir molt per a trobar un exemple clar. En 2011 l&#8217;or va aconseguir els 1.923 d\u00f2lars en el mercat, despr\u00e9s d&#8217;una de les majors crisi financera dels \u00faltims temps.<\/p>\n<\/div><\/div>\n\n<\/div>\n\n<div id=\"container-block_62866dfb00910\" class=\"block-media-text-group with-medium-wrapper none-padding-top none-padding-bottom none-margin-top none-margin-bottom alt-clear-bg-color none-padding-left-right\">\n    \n\n<div class=\"wp-block-media-text alignwide is-stacked-on-mobile is-image-fill tall\"><figure class=\"wp-block-media-text__media\" style=\"background-image:url(http:\/\/compremor.com\/wp-content\/uploads\/2022\/05\/preguntas-680x1024.png);background-position:50% 50%\"><img decoding=\"async\" width=\"680\" height=\"1024\" src=\"http:\/\/compremor.com\/wp-content\/uploads\/2022\/05\/preguntas-680x1024.png\" alt=\"\" class=\"wp-image-344 size-full\" srcset=\"https:\/\/compremor.com\/wp-content\/uploads\/2022\/05\/preguntas-680x1024.png 680w, https:\/\/compremor.com\/wp-content\/uploads\/2022\/05\/preguntas-199x300.png 199w, https:\/\/compremor.com\/wp-content\/uploads\/2022\/05\/preguntas-768x1156.png 768w, https:\/\/compremor.com\/wp-content\/uploads\/2022\/05\/preguntas-1021x1536.png 1021w, https:\/\/compremor.com\/wp-content\/uploads\/2022\/05\/preguntas-1361x2048.png 1361w, https:\/\/compremor.com\/wp-content\/uploads\/2022\/05\/preguntas.png 1462w\" sizes=\"(max-width: 680px) 100vw, 680px\" \/><\/figure><div class=\"wp-block-media-text__content\">\n<h2 class=\"has-text-align-left prominent wp-block-heading\">Preguntes m\u00e9s freq\u00fcents en comprar i invertir en or<\/h2>\n\n\n<div id=\"container-block_62866dfb00912\" class=\"faqs wp-block-container none-padding-top none-padding-bottom none-margin-top none-margin-bottom none-padding-left-right\">\n    \n<div id=\"container-block_62866dfc00917\" class=\"faq wp-block-container none-padding-top none-padding-bottom none-margin-top none-margin-bottom none-padding-left-right\">\n    \n\n<h3 class=\"wp-block-heading\"><strong>Hi ha algun altre metall preci\u00f3s que sigui bona inversi\u00f3?<\/strong><\/h3>\n\n\n\n<p>Per descomptat. Tant la Plata com el Plat\u00ed s\u00f3n tamb\u00e9 molt bones inversions i refugis de valor, encara que el seu preu pot ser una mica m\u00e9s vol\u00e0til.<\/p>\n\n<\/div>\n\n<div id=\"container-block_62866e5a0093f\" class=\"faq wp-block-container none-padding-top none-padding-bottom none-margin-top none-margin-bottom none-padding-left-right\">\n    \n\n<h3 class=\"wp-block-heading\"><strong>Puc revendre el meu lingot a COMPREM OR en un futur?<\/strong><\/h3>\n\n\n\n<p>Per descomptat. En COMPREM OR sempre comprem l&#8217;or que ens ofereixis, realitzant una taxaci\u00f3 d&#8217;acord amb els preus de mercat del moment.<\/p>\n\n<\/div>\n\n<div id=\"container-block_62866e580093e\" class=\"faq html none-padding-top none-padding-bottom none-margin-top none-margin-bottom none-padding-left-right\">\n    \n\n<h3 class=\"wp-block-heading\">Quins factors influencien el preu de l&#8217;or?<\/h3>\n\n\n\n<p>Hi ha m\u00faltiples factors que s&#8217;han de tenir en compte quan invertim en or, encara que el preu sigui molt estable i botiga a anar a l&#8217;al\u00e7a. La necessitat del mercat dictar\u00e0 cap a on es mou el preu, marcat per l&#8217;oferta i la demanda. Alguns dels jugadors clau en aquest mercat s\u00f3n:<\/p>\n\n\n\n<ul class=\"wp-block-list\"><li>Los bancos centrales <\/li><li>El d\u00f3lar americano <\/li><li>El sector de la Joyer\u00eda <\/li><li>La Industria Minera <\/li><li>Las aplicaciones industriales del oro<\/li><\/ul>\n\n<\/div>\n\n<div id=\"container-block_62866e560093d\" class=\"faq wp-block-container none-padding-top none-padding-bottom none-margin-top none-margin-bottom none-padding-left-right\">\n    \n\n<h3 class=\"wp-block-heading\"><strong>Quin \u00e9s el millor lloc per a guardar el meu or, plata o plat\u00ed?<\/strong><\/h3>\n\n\n\n<p>En COMPREM OR sempre recomanem guardar la seva inversi\u00f3 en forma d&#8217;or, plata o plat\u00ed en caixes de seguretat banc\u00e0ries.<\/p>\n\n\n\n<p>Guardar-ho en el seu domicili sempre pot ser perill\u00f3s, per aix\u00f2 suggerim que contracti una asseguran\u00e7a especifico o que el declari en l&#8217;asseguran\u00e7a del seu habitatge. Protegir les seves inversions davant robatori o danys \u00e9s primordial a llarg termini.<\/p>\n\n<\/div>\n<\/div><\/div><\/div>\n\n<\/div>","protected":false},"excerpt":{"rendered":"","protected":false},"author":1,"featured_media":0,"parent":0,"menu_order":0,"comment_status":"closed","ping_status":"closed","template":"","meta":{"_acf_changed":false,"_joinchat":[],"footnotes":""},"class_list":["post-3358","page","type-page","status-publish","hentry"],"acf":[],"yoast_head":"<!-- This site is optimized with the Yoast SEO plugin v26.3 - https:\/\/yoast.com\/wordpress\/plugins\/seo\/ -->\n<title>Comprar Lingots d&#039;Or - Comprem Or som L\u00edders a Catalu\u00f1a<\/title>\n<meta name=\"description\" content=\"Gr\u00e0cies a la seva capacitat per mantenir el seu valor en moments de crisi econ\u00f2mica i pol\u00edtica, comprar lingots d&#039;or \u00e9s una gran inversi\u00f3.\" \/>\n<meta name=\"robots\" content=\"index, follow, max-snippet:-1, max-image-preview:large, max-video-preview:-1\" \/>\n<link rel=\"canonical\" href=\"https:\/\/compremor.com\/ca\/comprar-or\/\" \/>\n<meta property=\"og:locale\" content=\"ca_ES\" \/>\n<meta property=\"og:type\" content=\"article\" \/>\n<meta property=\"og:title\" content=\"Comprar Lingots d&#039;Or - Comprem Or som L\u00edders a Catalu\u00f1a\" \/>\n<meta property=\"og:description\" content=\"Gr\u00e0cies a la seva capacitat per mantenir el seu valor en moments de crisi econ\u00f2mica i pol\u00edtica, comprar lingots d&#039;or \u00e9s una gran inversi\u00f3.\" \/>\n<meta property=\"og:url\" content=\"https:\/\/compremor.com\/ca\/comprar-or\/\" \/>\n<meta property=\"og:site_name\" content=\"Compra de oro: Comprem Or es l\u00edder en Catalu\u00f1a\" \/>\n<meta property=\"article:modified_time\" content=\"2022-07-14T09:50:55+00:00\" \/>\n<meta property=\"og:image\" content=\"http:\/\/compremor.com\/wp-content\/uploads\/2022\/05\/vender-oro-barcelona-726x1024.png\" \/>\n<meta name=\"twitter:card\" content=\"summary_large_image\" \/>\n<meta name=\"twitter:label1\" content=\"Est. reading time\" \/>\n\t<meta name=\"twitter:data1\" content=\"5 minutes\" \/>\n<script type=\"application\/ld+json\" class=\"yoast-schema-graph\">{\"@context\":\"https:\/\/schema.org\",\"@graph\":[{\"@type\":\"WebPage\",\"@id\":\"https:\/\/compremor.com\/ca\/comprar-or\/\",\"url\":\"https:\/\/compremor.com\/ca\/comprar-or\/\",\"name\":\"Comprar Lingots d'Or - Comprem Or som L\u00edders a Catalu\u00f1a\",\"isPartOf\":{\"@id\":\"https:\/\/compremor.com\/ca\/#website\"},\"primaryImageOfPage\":{\"@id\":\"https:\/\/compremor.com\/ca\/comprar-or\/#primaryimage\"},\"image\":{\"@id\":\"https:\/\/compremor.com\/ca\/comprar-or\/#primaryimage\"},\"thumbnailUrl\":\"http:\/\/compremor.com\/wp-content\/uploads\/2022\/05\/vender-oro-barcelona-726x1024.png\",\"datePublished\":\"2022-05-07T00:56:08+00:00\",\"dateModified\":\"2022-07-14T09:50:55+00:00\",\"description\":\"Gr\u00e0cies a la seva capacitat per mantenir el seu valor en moments de crisi econ\u00f2mica i pol\u00edtica, comprar lingots d'or \u00e9s una gran inversi\u00f3.\",\"breadcrumb\":{\"@id\":\"https:\/\/compremor.com\/ca\/comprar-or\/#breadcrumb\"},\"inLanguage\":\"ca\",\"potentialAction\":[{\"@type\":\"ReadAction\",\"target\":[\"https:\/\/compremor.com\/ca\/comprar-or\/\"]}]},{\"@type\":\"ImageObject\",\"inLanguage\":\"ca\",\"@id\":\"https:\/\/compremor.com\/ca\/comprar-or\/#primaryimage\",\"url\":\"http:\/\/compremor.com\/wp-content\/uploads\/2022\/05\/vender-oro-barcelona-726x1024.png\",\"contentUrl\":\"http:\/\/compremor.com\/wp-content\/uploads\/2022\/05\/vender-oro-barcelona-726x1024.png\"},{\"@type\":\"BreadcrumbList\",\"@id\":\"https:\/\/compremor.com\/ca\/comprar-or\/#breadcrumb\",\"itemListElement\":[{\"@type\":\"ListItem\",\"position\":1,\"name\":\"Home\",\"item\":\"https:\/\/compremor.com\/ca\/\"},{\"@type\":\"ListItem\",\"position\":2,\"name\":\"Comprar or\"}]},{\"@type\":\"WebSite\",\"@id\":\"https:\/\/compremor.com\/ca\/#website\",\"url\":\"https:\/\/compremor.com\/ca\/\",\"name\":\"Compra de oro: Comprem Or es l\u00edder en Catalu\u00f1a\",\"description\":\"Somos un grupo de tiendas de compra de oro con m\u00e1s de 40 a\u00f1os de experiencia.\",\"publisher\":{\"@id\":\"https:\/\/compremor.com\/ca\/#organization\"},\"potentialAction\":[{\"@type\":\"SearchAction\",\"target\":{\"@type\":\"EntryPoint\",\"urlTemplate\":\"https:\/\/compremor.com\/ca\/?s={search_term_string}\"},\"query-input\":{\"@type\":\"PropertyValueSpecification\",\"valueRequired\":true,\"valueName\":\"search_term_string\"}}],\"inLanguage\":\"ca\"},{\"@type\":\"Organization\",\"@id\":\"https:\/\/compremor.com\/ca\/#organization\",\"name\":\"Comprem Or\",\"url\":\"https:\/\/compremor.com\/ca\/\",\"logo\":{\"@type\":\"ImageObject\",\"inLanguage\":\"ca\",\"@id\":\"https:\/\/compremor.com\/ca\/#\/schema\/logo\/image\/\",\"url\":\"http:\/\/compremor.com\/wp-content\/uploads\/2022\/05\/comprem-or-moneda.svg\",\"contentUrl\":\"http:\/\/compremor.com\/wp-content\/uploads\/2022\/05\/comprem-or-moneda.svg\",\"width\":195,\"height\":194,\"caption\":\"Comprem Or\"},\"image\":{\"@id\":\"https:\/\/compremor.com\/ca\/#\/schema\/logo\/image\/\"}}]}<\/script>\n<!-- \/ Yoast SEO plugin. -->","yoast_head_json":{"title":"Comprar Lingots d'Or - Comprem Or som L\u00edders a Catalu\u00f1a","description":"Gr\u00e0cies a la seva capacitat per mantenir el seu valor en moments de crisi econ\u00f2mica i pol\u00edtica, comprar lingots d'or \u00e9s una gran inversi\u00f3.","robots":{"index":"index","follow":"follow","max-snippet":"max-snippet:-1","max-image-preview":"max-image-preview:large","max-video-preview":"max-video-preview:-1"},"canonical":"https:\/\/compremor.com\/ca\/comprar-or\/","og_locale":"ca_ES","og_type":"article","og_title":"Comprar Lingots d'Or - Comprem Or som L\u00edders a Catalu\u00f1a","og_description":"Gr\u00e0cies a la seva capacitat per mantenir el seu valor en moments de crisi econ\u00f2mica i pol\u00edtica, comprar lingots d'or \u00e9s una gran inversi\u00f3.","og_url":"https:\/\/compremor.com\/ca\/comprar-or\/","og_site_name":"Compra de oro: Comprem Or es l\u00edder en Catalu\u00f1a","article_modified_time":"2022-07-14T09:50:55+00:00","og_image":[{"url":"http:\/\/compremor.com\/wp-content\/uploads\/2022\/05\/vender-oro-barcelona-726x1024.png","type":"","width":"","height":""}],"twitter_card":"summary_large_image","twitter_misc":{"Est. reading time":"5 minutes"},"schema":{"@context":"https:\/\/schema.org","@graph":[{"@type":"WebPage","@id":"https:\/\/compremor.com\/ca\/comprar-or\/","url":"https:\/\/compremor.com\/ca\/comprar-or\/","name":"Comprar Lingots d'Or - Comprem Or som L\u00edders a Catalu\u00f1a","isPartOf":{"@id":"https:\/\/compremor.com\/ca\/#website"},"primaryImageOfPage":{"@id":"https:\/\/compremor.com\/ca\/comprar-or\/#primaryimage"},"image":{"@id":"https:\/\/compremor.com\/ca\/comprar-or\/#primaryimage"},"thumbnailUrl":"http:\/\/compremor.com\/wp-content\/uploads\/2022\/05\/vender-oro-barcelona-726x1024.png","datePublished":"2022-05-07T00:56:08+00:00","dateModified":"2022-07-14T09:50:55+00:00","description":"Gr\u00e0cies a la seva capacitat per mantenir el seu valor en moments de crisi econ\u00f2mica i pol\u00edtica, comprar lingots d'or \u00e9s una gran inversi\u00f3.","breadcrumb":{"@id":"https:\/\/compremor.com\/ca\/comprar-or\/#breadcrumb"},"inLanguage":"ca","potentialAction":[{"@type":"ReadAction","target":["https:\/\/compremor.com\/ca\/comprar-or\/"]}]},{"@type":"ImageObject","inLanguage":"ca","@id":"https:\/\/compremor.com\/ca\/comprar-or\/#primaryimage","url":"http:\/\/compremor.com\/wp-content\/uploads\/2022\/05\/vender-oro-barcelona-726x1024.png","contentUrl":"http:\/\/compremor.com\/wp-content\/uploads\/2022\/05\/vender-oro-barcelona-726x1024.png"},{"@type":"BreadcrumbList","@id":"https:\/\/compremor.com\/ca\/comprar-or\/#breadcrumb","itemListElement":[{"@type":"ListItem","position":1,"name":"Home","item":"https:\/\/compremor.com\/ca\/"},{"@type":"ListItem","position":2,"name":"Comprar or"}]},{"@type":"WebSite","@id":"https:\/\/compremor.com\/ca\/#website","url":"https:\/\/compremor.com\/ca\/","name":"Compra de oro: Comprem Or es l\u00edder en Catalu\u00f1a","description":"Somos un grupo de tiendas de compra de oro con m\u00e1s de 40 a\u00f1os de experiencia.","publisher":{"@id":"https:\/\/compremor.com\/ca\/#organization"},"potentialAction":[{"@type":"SearchAction","target":{"@type":"EntryPoint","urlTemplate":"https:\/\/compremor.com\/ca\/?s={search_term_string}"},"query-input":{"@type":"PropertyValueSpecification","valueRequired":true,"valueName":"search_term_string"}}],"inLanguage":"ca"},{"@type":"Organization","@id":"https:\/\/compremor.com\/ca\/#organization","name":"Comprem Or","url":"https:\/\/compremor.com\/ca\/","logo":{"@type":"ImageObject","inLanguage":"ca","@id":"https:\/\/compremor.com\/ca\/#\/schema\/logo\/image\/","url":"http:\/\/compremor.com\/wp-content\/uploads\/2022\/05\/comprem-or-moneda.svg","contentUrl":"http:\/\/compremor.com\/wp-content\/uploads\/2022\/05\/comprem-or-moneda.svg","width":195,"height":194,"caption":"Comprem Or"},"image":{"@id":"https:\/\/compremor.com\/ca\/#\/schema\/logo\/image\/"}}]}},"_links":{"self":[{"href":"https:\/\/compremor.com\/ca\/wp-json\/wp\/v2\/pages\/3358","targetHints":{"allow":["GET"]}}],"collection":[{"href":"https:\/\/compremor.com\/ca\/wp-json\/wp\/v2\/pages"}],"about":[{"href":"https:\/\/compremor.com\/ca\/wp-json\/wp\/v2\/types\/page"}],"author":[{"embeddable":true,"href":"https:\/\/compremor.com\/ca\/wp-json\/wp\/v2\/users\/1"}],"replies":[{"embeddable":true,"href":"https:\/\/compremor.com\/ca\/wp-json\/wp\/v2\/comments?post=3358"}],"version-history":[{"count":3,"href":"https:\/\/compremor.com\/ca\/wp-json\/wp\/v2\/pages\/3358\/revisions"}],"predecessor-version":[{"id":3392,"href":"https:\/\/compremor.com\/ca\/wp-json\/wp\/v2\/pages\/3358\/revisions\/3392"}],"wp:attachment":[{"href":"https:\/\/compremor.com\/ca\/wp-json\/wp\/v2\/media?parent=3358"}],"curies":[{"name":"wp","href":"https:\/\/api.w.org\/{rel}","templated":true}]}}