{"id":3213,"date":"2022-05-07T00:57:05","date_gmt":"2022-05-07T00:57:05","guid":{"rendered":"https:\/\/compremor.com\/thank-you-pedir-cita\/"},"modified":"2022-07-13T10:02:51","modified_gmt":"2022-07-13T10:02:51","slug":"thank-you-pedir-cita","status":"publish","type":"page","link":"https:\/\/compremor.com\/ca\/thank-you-pedir-cita\/","title":{"rendered":"pagina gr\u00e0cies &#8211; demanar cita"},"content":{"rendered":"<div id=\"container-block_62953bee397ff\" class=\"wp-block-group wp-block-container big-padding-top big-padding-bottom none-margin-top none-margin-bottom dark-bg-color normal-padding-left-right\">\n    <div class=\"small-wrapper\">\n\n<h2 class=\"has-text-align-center small-wrapper none-padding-left-right prominent big-padding-top wp-block-heading\">Sol\u00b7licitud completada<\/h2>\n\n\n\n<p class=\"has-text-align-center big-padding-bottom\">Moltes gr\u00e0cies per demanar cita en\u00a0Comprem\u00a0Or, l&#8217;esperem a la nostra botiga el dia i hora sol\u00b7licitats.<\/p>\n\n<\/div><\/div>","protected":false},"excerpt":{"rendered":"","protected":false},"author":1,"featured_media":0,"parent":0,"menu_order":0,"comment_status":"closed","ping_status":"closed","template":"","meta":{"_acf_changed":false,"_joinchat":[],"footnotes":""},"class_list":["post-3213","page","type-page","status-publish","hentry"],"acf":[],"yoast_head":"<!-- This site is optimized with the Yoast SEO plugin v26.3 - https:\/\/yoast.com\/wordpress\/plugins\/seo\/ -->\n<title>pagina gr\u00e0cies - demanar cita - Compra de oro: Comprem Or es l\u00edder en Catalu\u00f1a<\/title>\n<meta name=\"robots\" content=\"index, follow, max-snippet:-1, max-image-preview:large, max-video-preview:-1\" \/>\n<link rel=\"canonical\" href=\"https:\/\/compremor.com\/ca\/thank-you-pedir-cita\/\" \/>\n<meta property=\"og:locale\" content=\"ca_ES\" \/>\n<meta property=\"og:type\" content=\"article\" \/>\n<meta property=\"og:title\" content=\"pagina gr\u00e0cies - demanar cita - Compra de oro: Comprem Or es l\u00edder en Catalu\u00f1a\" \/>\n<meta property=\"og:url\" content=\"https:\/\/compremor.com\/ca\/thank-you-pedir-cita\/\" \/>\n<meta property=\"og:site_name\" content=\"Compra de oro: Comprem Or es l\u00edder en Catalu\u00f1a\" \/>\n<meta property=\"article:modified_time\" content=\"2022-07-13T10:02:51+00:00\" \/>\n<meta name=\"twitter:card\" content=\"summary_large_image\" \/>\n<meta name=\"twitter:label1\" content=\"Est. reading time\" \/>\n\t<meta name=\"twitter:data1\" content=\"1 minute\" \/>\n<script type=\"application\/ld+json\" class=\"yoast-schema-graph\">{\"@context\":\"https:\/\/schema.org\",\"@graph\":[{\"@type\":\"WebPage\",\"@id\":\"https:\/\/compremor.com\/ca\/thank-you-pedir-cita\/\",\"url\":\"https:\/\/compremor.com\/ca\/thank-you-pedir-cita\/\",\"name\":\"pagina gr\u00e0cies - demanar cita - Compra de oro: Comprem Or es l\u00edder en Catalu\u00f1a\",\"isPartOf\":{\"@id\":\"https:\/\/compremor.com\/ca\/#website\"},\"datePublished\":\"2022-05-07T00:57:05+00:00\",\"dateModified\":\"2022-07-13T10:02:51+00:00\",\"breadcrumb\":{\"@id\":\"https:\/\/compremor.com\/ca\/thank-you-pedir-cita\/#breadcrumb\"},\"inLanguage\":\"ca\",\"potentialAction\":[{\"@type\":\"ReadAction\",\"target\":[\"https:\/\/compremor.com\/ca\/thank-you-pedir-cita\/\"]}]},{\"@type\":\"BreadcrumbList\",\"@id\":\"https:\/\/compremor.com\/ca\/thank-you-pedir-cita\/#breadcrumb\",\"itemListElement\":[{\"@type\":\"ListItem\",\"position\":1,\"name\":\"Home\",\"item\":\"https:\/\/compremor.com\/ca\/\"},{\"@type\":\"ListItem\",\"position\":2,\"name\":\"pagina gr\u00e0cies &#8211; demanar cita\"}]},{\"@type\":\"WebSite\",\"@id\":\"https:\/\/compremor.com\/ca\/#website\",\"url\":\"https:\/\/compremor.com\/ca\/\",\"name\":\"Compra de oro: Comprem Or es l\u00edder en Catalu\u00f1a\",\"description\":\"Somos un grupo de tiendas de compra de oro con m\u00e1s de 40 a\u00f1os de experiencia.\",\"publisher\":{\"@id\":\"https:\/\/compremor.com\/ca\/#organization\"},\"potentialAction\":[{\"@type\":\"SearchAction\",\"target\":{\"@type\":\"EntryPoint\",\"urlTemplate\":\"https:\/\/compremor.com\/ca\/?s={search_term_string}\"},\"query-input\":{\"@type\":\"PropertyValueSpecification\",\"valueRequired\":true,\"valueName\":\"search_term_string\"}}],\"inLanguage\":\"ca\"},{\"@type\":\"Organization\",\"@id\":\"https:\/\/compremor.com\/ca\/#organization\",\"name\":\"Comprem Or\",\"url\":\"https:\/\/compremor.com\/ca\/\",\"logo\":{\"@type\":\"ImageObject\",\"inLanguage\":\"ca\",\"@id\":\"https:\/\/compremor.com\/ca\/#\/schema\/logo\/image\/\",\"url\":\"http:\/\/compremor.com\/wp-content\/uploads\/2022\/05\/comprem-or-moneda.svg\",\"contentUrl\":\"http:\/\/compremor.com\/wp-content\/uploads\/2022\/05\/comprem-or-moneda.svg\",\"width\":195,\"height\":194,\"caption\":\"Comprem Or\"},\"image\":{\"@id\":\"https:\/\/compremor.com\/ca\/#\/schema\/logo\/image\/\"}}]}<\/script>\n<!-- \/ Yoast SEO plugin. -->","yoast_head_json":{"title":"pagina gr\u00e0cies - demanar cita - Compra de oro: Comprem Or es l\u00edder en Catalu\u00f1a","robots":{"index":"index","follow":"follow","max-snippet":"max-snippet:-1","max-image-preview":"max-image-preview:large","max-video-preview":"max-video-preview:-1"},"canonical":"https:\/\/compremor.com\/ca\/thank-you-pedir-cita\/","og_locale":"ca_ES","og_type":"article","og_title":"pagina gr\u00e0cies - demanar cita - Compra de oro: Comprem Or es l\u00edder en Catalu\u00f1a","og_url":"https:\/\/compremor.com\/ca\/thank-you-pedir-cita\/","og_site_name":"Compra de oro: Comprem Or es l\u00edder en Catalu\u00f1a","article_modified_time":"2022-07-13T10:02:51+00:00","twitter_card":"summary_large_image","twitter_misc":{"Est. reading time":"1 minute"},"schema":{"@context":"https:\/\/schema.org","@graph":[{"@type":"WebPage","@id":"https:\/\/compremor.com\/ca\/thank-you-pedir-cita\/","url":"https:\/\/compremor.com\/ca\/thank-you-pedir-cita\/","name":"pagina gr\u00e0cies - demanar cita - Compra de oro: Comprem Or es l\u00edder en Catalu\u00f1a","isPartOf":{"@id":"https:\/\/compremor.com\/ca\/#website"},"datePublished":"2022-05-07T00:57:05+00:00","dateModified":"2022-07-13T10:02:51+00:00","breadcrumb":{"@id":"https:\/\/compremor.com\/ca\/thank-you-pedir-cita\/#breadcrumb"},"inLanguage":"ca","potentialAction":[{"@type":"ReadAction","target":["https:\/\/compremor.com\/ca\/thank-you-pedir-cita\/"]}]},{"@type":"BreadcrumbList","@id":"https:\/\/compremor.com\/ca\/thank-you-pedir-cita\/#breadcrumb","itemListElement":[{"@type":"ListItem","position":1,"name":"Home","item":"https:\/\/compremor.com\/ca\/"},{"@type":"ListItem","position":2,"name":"pagina gr\u00e0cies &#8211; demanar cita"}]},{"@type":"WebSite","@id":"https:\/\/compremor.com\/ca\/#website","url":"https:\/\/compremor.com\/ca\/","name":"Compra de oro: Comprem Or es l\u00edder en Catalu\u00f1a","description":"Somos un grupo de tiendas de compra de oro con m\u00e1s de 40 a\u00f1os de experiencia.","publisher":{"@id":"https:\/\/compremor.com\/ca\/#organization"},"potentialAction":[{"@type":"SearchAction","target":{"@type":"EntryPoint","urlTemplate":"https:\/\/compremor.com\/ca\/?s={search_term_string}"},"query-input":{"@type":"PropertyValueSpecification","valueRequired":true,"valueName":"search_term_string"}}],"inLanguage":"ca"},{"@type":"Organization","@id":"https:\/\/compremor.com\/ca\/#organization","name":"Comprem Or","url":"https:\/\/compremor.com\/ca\/","logo":{"@type":"ImageObject","inLanguage":"ca","@id":"https:\/\/compremor.com\/ca\/#\/schema\/logo\/image\/","url":"http:\/\/compremor.com\/wp-content\/uploads\/2022\/05\/comprem-or-moneda.svg","contentUrl":"http:\/\/compremor.com\/wp-content\/uploads\/2022\/05\/comprem-or-moneda.svg","width":195,"height":194,"caption":"Comprem Or"},"image":{"@id":"https:\/\/compremor.com\/ca\/#\/schema\/logo\/image\/"}}]}},"_links":{"self":[{"href":"https:\/\/compremor.com\/ca\/wp-json\/wp\/v2\/pages\/3213","targetHints":{"allow":["GET"]}}],"collection":[{"href":"https:\/\/compremor.com\/ca\/wp-json\/wp\/v2\/pages"}],"about":[{"href":"https:\/\/compremor.com\/ca\/wp-json\/wp\/v2\/types\/page"}],"author":[{"embeddable":true,"href":"https:\/\/compremor.com\/ca\/wp-json\/wp\/v2\/users\/1"}],"replies":[{"embeddable":true,"href":"https:\/\/compremor.com\/ca\/wp-json\/wp\/v2\/comments?post=3213"}],"version-history":[{"count":3,"href":"https:\/\/compremor.com\/ca\/wp-json\/wp\/v2\/pages\/3213\/revisions"}],"predecessor-version":[{"id":3220,"href":"https:\/\/compremor.com\/ca\/wp-json\/wp\/v2\/pages\/3213\/revisions\/3220"}],"wp:attachment":[{"href":"https:\/\/compremor.com\/ca\/wp-json\/wp\/v2\/media?parent=3213"}],"curies":[{"name":"wp","href":"https:\/\/api.w.org\/{rel}","templated":true}]}}