{"id":3070,"date":"2022-05-07T00:52:48","date_gmt":"2022-05-07T00:52:48","guid":{"rendered":"https:\/\/compremor.com\/quienes-somos\/"},"modified":"2022-07-13T09:32:32","modified_gmt":"2022-07-13T09:32:32","slug":"qui-som","status":"publish","type":"page","link":"https:\/\/compremor.com\/ca\/qui-som\/","title":{"rendered":"Qui som"},"content":{"rendered":"\n<div class=\"wp-block-media-text alignwide has-media-on-the-right is-stacked-on-mobile is-image-fill tall dark-bg-color header\"><figure class=\"wp-block-media-text__media\" style=\"background-image:url(http:\/\/compremor.com\/wp-content\/uploads\/2022\/05\/quienes-somos-1-726x1024.png);background-position:54% 23%\"><img decoding=\"async\" width=\"726\" height=\"1024\" src=\"http:\/\/compremor.com\/wp-content\/uploads\/2022\/05\/quienes-somos-1-726x1024.png\" alt=\"\" class=\"wp-image-154 size-full\" srcset=\"https:\/\/compremor.com\/wp-content\/uploads\/2022\/05\/quienes-somos-1-726x1024.png 726w, https:\/\/compremor.com\/wp-content\/uploads\/2022\/05\/quienes-somos-1-213x300.png 213w, https:\/\/compremor.com\/wp-content\/uploads\/2022\/05\/quienes-somos-1-768x1083.png 768w, https:\/\/compremor.com\/wp-content\/uploads\/2022\/05\/quienes-somos-1-1089x1536.png 1089w, https:\/\/compremor.com\/wp-content\/uploads\/2022\/05\/quienes-somos-1.png 1420w\" sizes=\"(max-width: 726px) 100vw, 726px\" \/><\/figure><div class=\"wp-block-media-text__content\"><div id=\"container-block_627712d5dbcc8\" class=\"wp-block-group wp-block-container small-padding-top small-padding-bottom none-margin-top none-margin-bottom none-bg-color normal-padding-left-right\">\n    <div class=\"small-wrapper\">\n\n<h2 class=\"has-text-align-left wp-block-heading\"><strong>M\u00e9s de 40 anys d&#8217;experi\u00e8ncia<\/strong><\/h2>\n\n\n\n<h1 class=\"wp-block-heading\">L\u00edders a Catalunya<\/h1>\n\n\n\n<p>A Comprem Or fa m\u00e9s de 40 anys que treballem com a professionals de la joieria, taxant, valorant i pagant al moment les seves joies, or, plata, diamants i rellotges.<\/p>\n\n<\/div><\/div><\/div><\/div>\n\n\n<div id=\"container-block_627999d7475b7\" class=\"block-media-text-group wp-block-container none-padding-top none-padding-bottom none-margin-top none-margin-bottom alt-clear-bg-color none-padding-left-right\">\n    \n\n<div class=\"wp-block-media-text alignwide is-stacked-on-mobile is-image-fill\"><figure class=\"wp-block-media-text__media\" style=\"background-image:url(http:\/\/compremor.com\/wp-content\/uploads\/2022\/05\/quienes-somos-2-1-1024x718.png);background-position:50% 50%\"><img decoding=\"async\" width=\"1024\" height=\"718\" src=\"http:\/\/compremor.com\/wp-content\/uploads\/2022\/05\/quienes-somos-2-1-1024x718.png\" alt=\"\" class=\"wp-image-200 size-full\" srcset=\"https:\/\/compremor.com\/wp-content\/uploads\/2022\/05\/quienes-somos-2-1-1024x718.png 1024w, https:\/\/compremor.com\/wp-content\/uploads\/2022\/05\/quienes-somos-2-1-300x210.png 300w, https:\/\/compremor.com\/wp-content\/uploads\/2022\/05\/quienes-somos-2-1-768x538.png 768w, https:\/\/compremor.com\/wp-content\/uploads\/2022\/05\/quienes-somos-2-1.png 1464w\" sizes=\"(max-width: 1024px) 100vw, 1024px\" \/><\/figure><div class=\"wp-block-media-text__content\">\n<h2 class=\"has-text-align-center wp-block-heading\">Confian\u00e7a<\/h2>\n\n\n\n<p class=\"has-text-align-center\">A difer\u00e8ncia de les cases de subhastes, Comprem Or et garanteix sempre la m\u00e0xima valoraci\u00f3 per cada pe\u00e7a d&#8217;or, plata o diamants, paga en el moment i a m\u00e9s no cobra comissions per la gesti\u00f3.<\/p>\n<\/div><\/div>\n\n\n\n<div class=\"wp-block-media-text alignwide has-media-on-the-right is-stacked-on-mobile is-image-fill\"><figure class=\"wp-block-media-text__media\" style=\"background-image:url(http:\/\/compremor.com\/wp-content\/uploads\/2022\/05\/quienes-somos-3-1024x722.png);background-position:50% 50%\"><img decoding=\"async\" width=\"1024\" height=\"722\" src=\"http:\/\/compremor.com\/wp-content\/uploads\/2022\/05\/quienes-somos-3-1024x722.png\" alt=\"\" class=\"wp-image-198 size-full\" srcset=\"https:\/\/compremor.com\/wp-content\/uploads\/2022\/05\/quienes-somos-3-1024x722.png 1024w, https:\/\/compremor.com\/wp-content\/uploads\/2022\/05\/quienes-somos-3-300x212.png 300w, https:\/\/compremor.com\/wp-content\/uploads\/2022\/05\/quienes-somos-3-768x542.png 768w, https:\/\/compremor.com\/wp-content\/uploads\/2022\/05\/quienes-somos-3.png 1418w\" sizes=\"(max-width: 1024px) 100vw, 1024px\" \/><\/figure><div class=\"wp-block-media-text__content\">\n<h2 class=\"has-text-align-center wp-block-heading\">Professionalitat<\/h2>\n\n\n\n<p class=\"has-text-align-center\">Els clients de la cadena Comprem Or s\u00f3n atesos per experts altament qualificats. La gran majoria provenen del m\u00f3n de la joieria, cosa que ens permet taxar i valorar cada pe\u00e7a d&#8217;or, plata o diamants en el moment i de forma totalment gratu\u00efta.<\/p>\n<\/div><\/div>\n\n\n\n<div class=\"wp-block-media-text alignwide is-stacked-on-mobile is-image-fill\"><figure class=\"wp-block-media-text__media\" style=\"background-image:url(http:\/\/compremor.com\/wp-content\/uploads\/2022\/05\/quienes-somos-4-1024x701.png);background-position:50% 50%\"><img decoding=\"async\" width=\"1024\" height=\"701\" src=\"http:\/\/compremor.com\/wp-content\/uploads\/2022\/05\/quienes-somos-4-1024x701.png\" alt=\"\" class=\"wp-image-199 size-full\" srcset=\"https:\/\/compremor.com\/wp-content\/uploads\/2022\/05\/quienes-somos-4-1024x701.png 1024w, https:\/\/compremor.com\/wp-content\/uploads\/2022\/05\/quienes-somos-4-300x205.png 300w, https:\/\/compremor.com\/wp-content\/uploads\/2022\/05\/quienes-somos-4-768x526.png 768w, https:\/\/compremor.com\/wp-content\/uploads\/2022\/05\/quienes-somos-4.png 1460w\" sizes=\"(max-width: 1024px) 100vw, 1024px\" \/><\/figure><div class=\"wp-block-media-text__content\">\n<h2 class=\"has-text-align-center wp-block-heading\">Experi\u00e8ncia<\/h2>\n\n\n\n<p class=\"has-text-align-center\">Comprem Or, \u00e9s la primera companyia en el sector de la compra d&#8217;or a Catalunya. \u00c9s l&#8217;empresa amb m\u00e9s experi\u00e8ncia, i que t&#8217;ofereix les millors taxacions del mercat en peces d&#8217;or, plata, diamants i rellotges d&#8217;alta gamma.<\/p>\n<\/div><\/div>\n\n<\/div>\n\n<div id=\"container-block_627ea42e7b031\" class=\"wp-block-group wp-block-container big-padding-top big-padding-bottom none-margin-top none-margin-bottom alt-clear-bg-color normal-padding-left-right\">\n    <div class=\"big-wrapper\">\n\n<h2 class=\"has-text-align-center prominent wp-block-heading\">Per qu\u00e8 confiar en nosaltres?<\/h2>\n\n\n\n<div class=\"wp-block-columns columns-with-separator is-layout-flex wp-container-core-columns-is-layout-9d6595d7 wp-block-columns-is-layout-flex\">\n<div class=\"wp-block-column medium-padding-top medium-padding-bottom is-layout-flow wp-block-column-is-layout-flow\">\n<figure class=\"wp-block-image size-full\"><img decoding=\"async\" width=\"332\" height=\"414\" src=\"http:\/\/compremor.com\/wp-content\/uploads\/2022\/05\/icono-40.png\" alt=\"\" class=\"wp-image-242\" srcset=\"https:\/\/compremor.com\/wp-content\/uploads\/2022\/05\/icono-40.png 332w, https:\/\/compremor.com\/wp-content\/uploads\/2022\/05\/icono-40-241x300.png 241w\" sizes=\"(max-width: 332px) 100vw, 332px\" \/><\/figure>\n\n\n\n<h3 class=\"has-text-align-center wp-block-heading\"><strong>M\u00e9s de 40 anys d\u2019experi\u00e8ncia<\/strong><\/h3>\n\n\n\n<p class=\"has-text-align-center\">Som un grup de botigues de compra d\u2019or amb m\u00e9s de 40 anys d\u2019experi\u00e8ncia. Tots els nostres directors de botiga s\u00f3n professionals del m\u00f3n de la joieria, qualificats per taxar, valorar i pagar al moment or, plata, diamants, joies i rellotges&#8230;<\/p>\n<\/div>\n\n\n\n<div class=\"wp-block-column medium-padding-top medium-padding-bottom is-layout-flow wp-block-column-is-layout-flow\">\n<figure class=\"wp-block-image size-full\"><img decoding=\"async\" width=\"332\" height=\"414\" src=\"http:\/\/compremor.com\/wp-content\/uploads\/2022\/05\/icono-maxima-tasacion.png\" alt=\"\" class=\"wp-image-243\" srcset=\"https:\/\/compremor.com\/wp-content\/uploads\/2022\/05\/icono-maxima-tasacion.png 332w, https:\/\/compremor.com\/wp-content\/uploads\/2022\/05\/icono-maxima-tasacion-241x300.png 241w\" sizes=\"(max-width: 332px) 100vw, 332px\" \/><\/figure>\n\n\n\n<h3 class=\"has-text-align-center wp-block-heading\"><strong>M\u00e0xima taxaci\u00f3<\/strong><\/h3>\n\n\n\n<p class=\"has-text-align-center\">Tenim refineria pr\u00f2pia. Aix\u00f2 ens garanteix poder estalviar una gran quantitat en intermediaris i podem oferir-li una major taxaci\u00f3, pagant m\u00e9s que ning\u00fa per les seves peces d\u2019or, plata, diamants, joies i rellotges.<\/p>\n<\/div>\n\n\n\n<div class=\"wp-block-column medium-padding-top medium-padding-bottom is-layout-flow wp-block-column-is-layout-flow\">\n<figure class=\"wp-block-image size-full\"><img decoding=\"async\" width=\"332\" height=\"414\" src=\"http:\/\/compremor.com\/wp-content\/uploads\/2022\/05\/icono-discreccion.png\" alt=\"\" class=\"wp-image-244\" srcset=\"https:\/\/compremor.com\/wp-content\/uploads\/2022\/05\/icono-discreccion.png 332w, https:\/\/compremor.com\/wp-content\/uploads\/2022\/05\/icono-discreccion-241x300.png 241w\" sizes=\"(max-width: 332px) 100vw, 332px\" \/><\/figure>\n\n\n\n<h3 class=\"has-text-align-center wp-block-heading\"><strong>Discreci\u00f3 garantida<\/strong><\/h3>\n\n\n\n<p class=\"has-text-align-center\">Oferim als nostres clients visites concertades i adaptades a la seva disponibilitat, per al peritatge de col\u00b7leccions de joies i her\u00e8ncies o per a qualsevol mena de pe\u00e7a d&#8217;or, plata o diamants que requereixi la m\u00e0xima discreci\u00f3. Un servei senzill, segur i transparent.<\/p>\n<\/div>\n<\/div>\n\n<\/div><\/div>\n\n<div id=\"container-block_628bffb140bad\" class=\"wp-block-group wp-block-container big-padding-top big-padding-bottom none-margin-top none-margin-bottom alt-medium-bg-color normal-padding-left-right\">\n    <div class=\"big-wrapper\">\n\n<h2 class=\"has-text-align-center prominent wp-block-heading\">Descobreixi el nostre cat\u00e0leg de lingots d&#8217;or per a inversi\u00f3<\/h2>\n\n\n\n<div class=\"wp-block-columns columns-with-separator with-same-height is-layout-flex wp-container-core-columns-is-layout-9d6595d7 wp-block-columns-is-layout-flex\">\n<div class=\"wp-block-column medium-padding-top medium-padding-bottom is-layout-flow wp-block-column-is-layout-flow\">\n<div class=\"wp-block-image\"><figure class=\"aligncenter size-large\"><img decoding=\"async\" width=\"338\" height=\"91\" src=\"http:\/\/compremor.com\/wp-content\/uploads\/2022\/05\/hrdantwerp.svg\" alt=\"\" class=\"wp-image-414\"\/><\/figure><\/div>\n\n\n<div id=\"container-block_628c00a240bb0\" class=\"same-height wp-block-container none-padding-top none-padding-bottom none-margin-top none-margin-bottom none-padding-left-right\">\n    \n\n<h3 class=\"has-text-align-center wp-block-heading\">HRDAntwerp<\/h3>\n\n\n\n<p class=\"has-text-align-center\">L&#8217;autoritat l\u00edder a Europa en la classificaci\u00f3 de diamants, HRDAntwerp s&#8217;encarrega de certificar l&#8217;autenticitat i puresa dels diamants per a donar tranquil\u00b7litat a l&#8217;usuari a prop de la qualitat i el preu de la seva gemma.<\/p>\n\n<\/div>\n\n<a href=\"https:\/\/hrdantwerp.com\/en\" class=\"xsd-block-button center icon-right\"  target=\"_blank\" >\n    Descobreix M\u00e9s<svg width=\"29\" height=\"19\" viewBox=\"0 0 29 19\" fill=\"none\" xmlns=\"http:\/\/www.w3.org\/2000\/svg\"><g clip-path=\"url(#clip0_427_1151)\"><path d=\"M20.2007 18.5713C20.1997 17.3757 20.4244 16.1917 20.8621 15.0868C21.2997 13.9819 21.9418 12.9779 22.7515 12.1321C23.5613 11.2863 24.5228 10.6153 25.5812 10.1576C26.6395 9.69977 27.774 9.46414 28.9197 9.46414\" stroke=\"#1A1C34\" stroke-linejoin=\"bevel\"\/><path d=\"M28.9197 9.46411C26.6065 9.46183 24.3888 8.50132 22.754 6.79365C21.1191 5.08598 20.2007 2.77085 20.2007 0.356974\" stroke=\"#1A1C34\" stroke-linejoin=\"bevel\"\/><path d=\"M28.9197 9.46411L0.789521 9.46411\" stroke=\"#1A1C34\" stroke-linejoin=\"bevel\"\/><\/g><defs><clipPath id=\"clip0_427_1151\"><rect width=\"28.1302\" height=\"18.2143\" fill=\"white\" transform=\"translate(28.9197 18.5713) rotate(-180)\"\/><\/clipPath><\/defs><\/svg><\/a><\/div>\n\n\n\n<div class=\"wp-block-column medium-padding-top medium-padding-bottom is-layout-flow wp-block-column-is-layout-flow\">\n<div class=\"wp-block-image\"><figure class=\"aligncenter size-full\"><img decoding=\"async\" width=\"326\" height=\"99\" src=\"http:\/\/compremor.com\/wp-content\/uploads\/2022\/06\/logo_jorgc_black_1-removebg-preview.png\" alt=\"\" class=\"wp-image-708\" srcset=\"https:\/\/compremor.com\/wp-content\/uploads\/2022\/06\/logo_jorgc_black_1-removebg-preview.png 326w, https:\/\/compremor.com\/wp-content\/uploads\/2022\/06\/logo_jorgc_black_1-removebg-preview-300x91.png 300w\" sizes=\"(max-width: 326px) 100vw, 326px\" \/><\/figure><\/div>\n\n\n<div id=\"container-block_628c00bb40bb1\" class=\"same-height wp-block-container none-padding-top none-padding-bottom none-margin-top none-margin-bottom none-padding-left-right\">\n    \n\n<h3 class=\"has-text-align-center wp-block-heading\">El Col\u00b7legi Oficial de Joiers, d\u2019Orfebres, de Rellotgers i de Gemm\u00f2legs de Catalunya<\/h3>\n\n\n\n<p class=\"has-text-align-center\">La JORGC vetlla pels interessos dels sectors que agrupa i fomenta valors com l&#8217;honestedat, el rigor, professional, i t\u00e8cnic, l&#8217;excel\u00b7l\u00e8ncia en la prestaci\u00f3 de serveis, la qualitat i l&#8217;orientaci\u00f3 al client.<\/p>\n\n<\/div>\n\n<a href=\"http:\/\/jorgc.org\/\" class=\"xsd-block-button center icon-right\"  target=\"_blank\" >\n    Descobreix M\u00e9s<svg width=\"29\" height=\"19\" viewBox=\"0 0 29 19\" fill=\"none\" xmlns=\"http:\/\/www.w3.org\/2000\/svg\"><g clip-path=\"url(#clip0_427_1151)\"><path d=\"M20.2007 18.5713C20.1997 17.3757 20.4244 16.1917 20.8621 15.0868C21.2997 13.9819 21.9418 12.9779 22.7515 12.1321C23.5613 11.2863 24.5228 10.6153 25.5812 10.1576C26.6395 9.69977 27.774 9.46414 28.9197 9.46414\" stroke=\"#1A1C34\" stroke-linejoin=\"bevel\"\/><path d=\"M28.9197 9.46411C26.6065 9.46183 24.3888 8.50132 22.754 6.79365C21.1191 5.08598 20.2007 2.77085 20.2007 0.356974\" stroke=\"#1A1C34\" stroke-linejoin=\"bevel\"\/><path d=\"M28.9197 9.46411L0.789521 9.46411\" stroke=\"#1A1C34\" stroke-linejoin=\"bevel\"\/><\/g><defs><clipPath id=\"clip0_427_1151\"><rect width=\"28.1302\" height=\"18.2143\" fill=\"white\" transform=\"translate(28.9197 18.5713) rotate(-180)\"\/><\/clipPath><\/defs><\/svg><\/a><\/div>\n<\/div>\n\n<\/div><\/div>\n\n<div id=\"container-block_62952c3bd23f5\" class=\"block-media-text-group with-medium-wrapper none-padding-top none-padding-bottom none-margin-top none-margin-bottom alt-dark-bg-color none-padding-left-right\">\n    \n\n<div class=\"wp-block-media-text alignwide is-stacked-on-mobile is-image-fill tall html with-medium-wrapper\"><figure class=\"wp-block-media-text__media\" style=\"background-image:url(http:\/\/compremor.com\/wp-content\/uploads\/2022\/05\/mapa.svg);background-position:50% 50%\"><img decoding=\"async\" width=\"731\" height=\"1000\" src=\"http:\/\/compremor.com\/wp-content\/uploads\/2022\/05\/mapa.svg\" alt=\"\" class=\"wp-image-473 size-full\"\/><\/figure><div class=\"wp-block-media-text__content\">\n<p class=\"has-text-align-center\">Tenim botigues per tota Catalunya<\/p>\n\n\n\n<h2 class=\"has-text-align-center wp-block-heading\">Descobreix la teva botiga m\u00e9s pr\u00f2xima de <br>COMPREM OR i demana una cita. <br>Els nostres especialistes taxaran les <br>teves peces gratu\u00eftament i al moment.<\/h2>\n\n\n<a href=\"\/ca\/contacta-amb-comprem-or\/\" class=\"xsd-block-button center icon-right\" >\n    Veure totes les botigues<svg width=\"29\" height=\"19\" viewBox=\"0 0 29 19\" fill=\"none\" xmlns=\"http:\/\/www.w3.org\/2000\/svg\"><g clip-path=\"url(#clip0_427_1151)\"><path d=\"M20.2007 18.5713C20.1997 17.3757 20.4244 16.1917 20.8621 15.0868C21.2997 13.9819 21.9418 12.9779 22.7515 12.1321C23.5613 11.2863 24.5228 10.6153 25.5812 10.1576C26.6395 9.69977 27.774 9.46414 28.9197 9.46414\" stroke=\"#1A1C34\" stroke-linejoin=\"bevel\"\/><path d=\"M28.9197 9.46411C26.6065 9.46183 24.3888 8.50132 22.754 6.79365C21.1191 5.08598 20.2007 2.77085 20.2007 0.356974\" stroke=\"#1A1C34\" stroke-linejoin=\"bevel\"\/><path d=\"M28.9197 9.46411L0.789521 9.46411\" stroke=\"#1A1C34\" stroke-linejoin=\"bevel\"\/><\/g><defs><clipPath id=\"clip0_427_1151\"><rect width=\"28.1302\" height=\"18.2143\" fill=\"white\" transform=\"translate(28.9197 18.5713) rotate(-180)\"\/><\/clipPath><\/defs><\/svg><\/a><\/div><\/div>\n\n<\/div>\n\n\n<p><\/p>\n","protected":false},"excerpt":{"rendered":"","protected":false},"author":1,"featured_media":0,"parent":0,"menu_order":0,"comment_status":"closed","ping_status":"closed","template":"","meta":{"_acf_changed":false,"_joinchat":[],"footnotes":""},"class_list":["post-3070","page","type-page","status-publish","hentry"],"acf":[],"yoast_head":"<!-- This site is optimized with the Yoast SEO plugin v26.3 - https:\/\/yoast.com\/wordpress\/plugins\/seo\/ -->\n<title>Qui som - Compra de oro: Comprem Or es l\u00edder en Catalu\u00f1a<\/title>\n<meta name=\"description\" content=\"A Comprem Or fa m\u00e9s de 40 anys que treballem com a professionals de la joieria, taxant, valorant i pagant al moment les seves joies.\" \/>\n<meta name=\"robots\" content=\"index, follow, max-snippet:-1, max-image-preview:large, max-video-preview:-1\" \/>\n<link rel=\"canonical\" href=\"https:\/\/compremor.com\/ca\/qui-som\/\" \/>\n<meta property=\"og:locale\" content=\"ca_ES\" \/>\n<meta property=\"og:type\" content=\"article\" \/>\n<meta property=\"og:title\" content=\"Qui som - Compra de oro: Comprem Or es l\u00edder en Catalu\u00f1a\" \/>\n<meta property=\"og:description\" content=\"A Comprem Or fa m\u00e9s de 40 anys que treballem com a professionals de la joieria, taxant, valorant i pagant al moment les seves joies.\" \/>\n<meta property=\"og:url\" content=\"https:\/\/compremor.com\/ca\/qui-som\/\" \/>\n<meta property=\"og:site_name\" content=\"Compra de oro: Comprem Or es l\u00edder en Catalu\u00f1a\" \/>\n<meta property=\"article:modified_time\" content=\"2022-07-13T09:32:32+00:00\" \/>\n<meta property=\"og:image\" content=\"http:\/\/compremor.com\/wp-content\/uploads\/2022\/05\/quienes-somos-1-726x1024.png\" \/>\n<meta name=\"twitter:card\" content=\"summary_large_image\" \/>\n<meta name=\"twitter:label1\" content=\"Est. reading time\" \/>\n\t<meta name=\"twitter:data1\" content=\"4 minutes\" \/>\n<script type=\"application\/ld+json\" class=\"yoast-schema-graph\">{\"@context\":\"https:\/\/schema.org\",\"@graph\":[{\"@type\":\"WebPage\",\"@id\":\"https:\/\/compremor.com\/ca\/qui-som\/\",\"url\":\"https:\/\/compremor.com\/ca\/qui-som\/\",\"name\":\"Qui som - Compra de oro: Comprem Or es l\u00edder en Catalu\u00f1a\",\"isPartOf\":{\"@id\":\"https:\/\/compremor.com\/ca\/#website\"},\"primaryImageOfPage\":{\"@id\":\"https:\/\/compremor.com\/ca\/qui-som\/#primaryimage\"},\"image\":{\"@id\":\"https:\/\/compremor.com\/ca\/qui-som\/#primaryimage\"},\"thumbnailUrl\":\"http:\/\/compremor.com\/wp-content\/uploads\/2022\/05\/quienes-somos-1-726x1024.png\",\"datePublished\":\"2022-05-07T00:52:48+00:00\",\"dateModified\":\"2022-07-13T09:32:32+00:00\",\"description\":\"A Comprem Or fa m\u00e9s de 40 anys que treballem com a professionals de la joieria, taxant, valorant i pagant al moment les seves joies.\",\"breadcrumb\":{\"@id\":\"https:\/\/compremor.com\/ca\/qui-som\/#breadcrumb\"},\"inLanguage\":\"ca\",\"potentialAction\":[{\"@type\":\"ReadAction\",\"target\":[\"https:\/\/compremor.com\/ca\/qui-som\/\"]}]},{\"@type\":\"ImageObject\",\"inLanguage\":\"ca\",\"@id\":\"https:\/\/compremor.com\/ca\/qui-som\/#primaryimage\",\"url\":\"http:\/\/compremor.com\/wp-content\/uploads\/2022\/05\/quienes-somos-1-726x1024.png\",\"contentUrl\":\"http:\/\/compremor.com\/wp-content\/uploads\/2022\/05\/quienes-somos-1-726x1024.png\"},{\"@type\":\"BreadcrumbList\",\"@id\":\"https:\/\/compremor.com\/ca\/qui-som\/#breadcrumb\",\"itemListElement\":[{\"@type\":\"ListItem\",\"position\":1,\"name\":\"Home\",\"item\":\"https:\/\/compremor.com\/ca\/\"},{\"@type\":\"ListItem\",\"position\":2,\"name\":\"Qui som\"}]},{\"@type\":\"WebSite\",\"@id\":\"https:\/\/compremor.com\/ca\/#website\",\"url\":\"https:\/\/compremor.com\/ca\/\",\"name\":\"Compra de oro: Comprem Or es l\u00edder en Catalu\u00f1a\",\"description\":\"Somos un grupo de tiendas de compra de oro con m\u00e1s de 40 a\u00f1os de experiencia.\",\"publisher\":{\"@id\":\"https:\/\/compremor.com\/ca\/#organization\"},\"potentialAction\":[{\"@type\":\"SearchAction\",\"target\":{\"@type\":\"EntryPoint\",\"urlTemplate\":\"https:\/\/compremor.com\/ca\/?s={search_term_string}\"},\"query-input\":{\"@type\":\"PropertyValueSpecification\",\"valueRequired\":true,\"valueName\":\"search_term_string\"}}],\"inLanguage\":\"ca\"},{\"@type\":\"Organization\",\"@id\":\"https:\/\/compremor.com\/ca\/#organization\",\"name\":\"Comprem Or\",\"url\":\"https:\/\/compremor.com\/ca\/\",\"logo\":{\"@type\":\"ImageObject\",\"inLanguage\":\"ca\",\"@id\":\"https:\/\/compremor.com\/ca\/#\/schema\/logo\/image\/\",\"url\":\"http:\/\/compremor.com\/wp-content\/uploads\/2022\/05\/comprem-or-moneda.svg\",\"contentUrl\":\"http:\/\/compremor.com\/wp-content\/uploads\/2022\/05\/comprem-or-moneda.svg\",\"width\":195,\"height\":194,\"caption\":\"Comprem Or\"},\"image\":{\"@id\":\"https:\/\/compremor.com\/ca\/#\/schema\/logo\/image\/\"}}]}<\/script>\n<!-- \/ Yoast SEO plugin. -->","yoast_head_json":{"title":"Qui som - Compra de oro: Comprem Or es l\u00edder en Catalu\u00f1a","description":"A Comprem Or fa m\u00e9s de 40 anys que treballem com a professionals de la joieria, taxant, valorant i pagant al moment les seves joies.","robots":{"index":"index","follow":"follow","max-snippet":"max-snippet:-1","max-image-preview":"max-image-preview:large","max-video-preview":"max-video-preview:-1"},"canonical":"https:\/\/compremor.com\/ca\/qui-som\/","og_locale":"ca_ES","og_type":"article","og_title":"Qui som - Compra de oro: Comprem Or es l\u00edder en Catalu\u00f1a","og_description":"A Comprem Or fa m\u00e9s de 40 anys que treballem com a professionals de la joieria, taxant, valorant i pagant al moment les seves joies.","og_url":"https:\/\/compremor.com\/ca\/qui-som\/","og_site_name":"Compra de oro: Comprem Or es l\u00edder en Catalu\u00f1a","article_modified_time":"2022-07-13T09:32:32+00:00","og_image":[{"url":"http:\/\/compremor.com\/wp-content\/uploads\/2022\/05\/quienes-somos-1-726x1024.png","type":"","width":"","height":""}],"twitter_card":"summary_large_image","twitter_misc":{"Est. reading time":"4 minutes"},"schema":{"@context":"https:\/\/schema.org","@graph":[{"@type":"WebPage","@id":"https:\/\/compremor.com\/ca\/qui-som\/","url":"https:\/\/compremor.com\/ca\/qui-som\/","name":"Qui som - Compra de oro: Comprem Or es l\u00edder en Catalu\u00f1a","isPartOf":{"@id":"https:\/\/compremor.com\/ca\/#website"},"primaryImageOfPage":{"@id":"https:\/\/compremor.com\/ca\/qui-som\/#primaryimage"},"image":{"@id":"https:\/\/compremor.com\/ca\/qui-som\/#primaryimage"},"thumbnailUrl":"http:\/\/compremor.com\/wp-content\/uploads\/2022\/05\/quienes-somos-1-726x1024.png","datePublished":"2022-05-07T00:52:48+00:00","dateModified":"2022-07-13T09:32:32+00:00","description":"A Comprem Or fa m\u00e9s de 40 anys que treballem com a professionals de la joieria, taxant, valorant i pagant al moment les seves joies.","breadcrumb":{"@id":"https:\/\/compremor.com\/ca\/qui-som\/#breadcrumb"},"inLanguage":"ca","potentialAction":[{"@type":"ReadAction","target":["https:\/\/compremor.com\/ca\/qui-som\/"]}]},{"@type":"ImageObject","inLanguage":"ca","@id":"https:\/\/compremor.com\/ca\/qui-som\/#primaryimage","url":"http:\/\/compremor.com\/wp-content\/uploads\/2022\/05\/quienes-somos-1-726x1024.png","contentUrl":"http:\/\/compremor.com\/wp-content\/uploads\/2022\/05\/quienes-somos-1-726x1024.png"},{"@type":"BreadcrumbList","@id":"https:\/\/compremor.com\/ca\/qui-som\/#breadcrumb","itemListElement":[{"@type":"ListItem","position":1,"name":"Home","item":"https:\/\/compremor.com\/ca\/"},{"@type":"ListItem","position":2,"name":"Qui som"}]},{"@type":"WebSite","@id":"https:\/\/compremor.com\/ca\/#website","url":"https:\/\/compremor.com\/ca\/","name":"Compra de oro: Comprem Or es l\u00edder en Catalu\u00f1a","description":"Somos un grupo de tiendas de compra de oro con m\u00e1s de 40 a\u00f1os de experiencia.","publisher":{"@id":"https:\/\/compremor.com\/ca\/#organization"},"potentialAction":[{"@type":"SearchAction","target":{"@type":"EntryPoint","urlTemplate":"https:\/\/compremor.com\/ca\/?s={search_term_string}"},"query-input":{"@type":"PropertyValueSpecification","valueRequired":true,"valueName":"search_term_string"}}],"inLanguage":"ca"},{"@type":"Organization","@id":"https:\/\/compremor.com\/ca\/#organization","name":"Comprem Or","url":"https:\/\/compremor.com\/ca\/","logo":{"@type":"ImageObject","inLanguage":"ca","@id":"https:\/\/compremor.com\/ca\/#\/schema\/logo\/image\/","url":"http:\/\/compremor.com\/wp-content\/uploads\/2022\/05\/comprem-or-moneda.svg","contentUrl":"http:\/\/compremor.com\/wp-content\/uploads\/2022\/05\/comprem-or-moneda.svg","width":195,"height":194,"caption":"Comprem Or"},"image":{"@id":"https:\/\/compremor.com\/ca\/#\/schema\/logo\/image\/"}}]}},"_links":{"self":[{"href":"https:\/\/compremor.com\/ca\/wp-json\/wp\/v2\/pages\/3070","targetHints":{"allow":["GET"]}}],"collection":[{"href":"https:\/\/compremor.com\/ca\/wp-json\/wp\/v2\/pages"}],"about":[{"href":"https:\/\/compremor.com\/ca\/wp-json\/wp\/v2\/types\/page"}],"author":[{"embeddable":true,"href":"https:\/\/compremor.com\/ca\/wp-json\/wp\/v2\/users\/1"}],"replies":[{"embeddable":true,"href":"https:\/\/compremor.com\/ca\/wp-json\/wp\/v2\/comments?post=3070"}],"version-history":[{"count":7,"href":"https:\/\/compremor.com\/ca\/wp-json\/wp\/v2\/pages\/3070\/revisions"}],"predecessor-version":[{"id":3181,"href":"https:\/\/compremor.com\/ca\/wp-json\/wp\/v2\/pages\/3070\/revisions\/3181"}],"wp:attachment":[{"href":"https:\/\/compremor.com\/ca\/wp-json\/wp\/v2\/media?parent=3070"}],"curies":[{"name":"wp","href":"https:\/\/api.w.org\/{rel}","templated":true}]}}