{"id":3055,"date":"2022-05-07T00:56:45","date_gmt":"2022-05-07T00:56:45","guid":{"rendered":"https:\/\/compremor.com\/pedir-cita\/"},"modified":"2022-07-14T08:31:06","modified_gmt":"2022-07-14T08:31:06","slug":"demanar-cita","status":"publish","type":"page","link":"https:\/\/compremor.com\/ca\/demanar-cita\/","title":{"rendered":"Demanar Cita"},"content":{"rendered":"<div id=\"container-block_628fb552086fe\" class=\"block-media-text-group with-medium-wrapper none-padding-top none-padding-bottom none-margin-top none-margin-bottom alt-dark-bg-color none-padding-left-right\">\n    \n\n<div class=\"wp-block-media-text alignwide is-stacked-on-mobile is-image-fill tall image-just-desktop\"><figure class=\"wp-block-media-text__media\" style=\"background-image:url(http:\/\/compremor.com\/wp-content\/uploads\/2022\/05\/formulario-748x1024.png);background-position:50% 50%\"><img decoding=\"async\" width=\"748\" height=\"1024\" src=\"http:\/\/compremor.com\/wp-content\/uploads\/2022\/05\/formulario-748x1024.png\" alt=\"\" class=\"wp-image-332 size-full\" srcset=\"https:\/\/compremor.com\/wp-content\/uploads\/2022\/05\/formulario-748x1024.png 748w, https:\/\/compremor.com\/wp-content\/uploads\/2022\/05\/formulario-219x300.png 219w, https:\/\/compremor.com\/wp-content\/uploads\/2022\/05\/formulario-768x1052.png 768w, https:\/\/compremor.com\/wp-content\/uploads\/2022\/05\/formulario-1121x1536.png 1121w, https:\/\/compremor.com\/wp-content\/uploads\/2022\/05\/formulario.png 1460w\" sizes=\"(max-width: 748px) 100vw, 748px\" \/><\/figure><div class=\"wp-block-media-text__content\">\n<h2 class=\"has-text-align-left prominent wp-block-heading\">Demana cita per a una taxaci\u00f3 i oferta de compra<\/h2>\n\n\n\n<div class=\"wpcf7 no-js\" id=\"wpcf7-f3210-o1\" lang=\"ca\" dir=\"ltr\" data-wpcf7-id=\"3210\">\n<div class=\"screen-reader-response\"><p role=\"status\" aria-live=\"polite\" aria-atomic=\"true\"><\/p> <ul><\/ul><\/div>\n<form action=\"\/ca\/wp-json\/wp\/v2\/pages\/3055#wpcf7-f3210-o1\" method=\"post\" class=\"wpcf7-form init\" aria-label=\"Formulari de contacte\" novalidate=\"novalidate\" data-status=\"init\">\n<fieldset class=\"hidden-fields-container\"><input type=\"hidden\" name=\"_wpcf7\" value=\"3210\" \/><input type=\"hidden\" name=\"_wpcf7_version\" value=\"6.1.3\" \/><input type=\"hidden\" name=\"_wpcf7_locale\" value=\"ca\" \/><input type=\"hidden\" name=\"_wpcf7_unit_tag\" value=\"wpcf7-f3210-o1\" \/><input type=\"hidden\" name=\"_wpcf7_container_post\" value=\"0\" \/><input type=\"hidden\" name=\"_wpcf7_posted_data_hash\" value=\"\" \/>\n<\/fieldset>\n<div class=\"wrapper-formulario\">\n\t<div class=\"fields\">\n\t\t<div class=\"field field-nombre\">\n\t\t\t<p><span class=\"wpcf7-form-control-wrap\" data-name=\"field-nombre\"><input size=\"40\" maxlength=\"400\" class=\"wpcf7-form-control wpcf7-text wpcf7-validates-as-required\" aria-required=\"true\" aria-invalid=\"false\" placeholder=\"Nom\" value=\"\" type=\"text\" name=\"field-nombre\" \/><\/span>\n\t\t\t<\/p>\n\t\t<\/div>\n\t\t<div class=\"field field-email\">\n\t\t\t<p><span class=\"wpcf7-form-control-wrap\" data-name=\"field-email\"><input size=\"40\" maxlength=\"400\" class=\"wpcf7-form-control wpcf7-email wpcf7-validates-as-required wpcf7-text wpcf7-validates-as-email\" aria-required=\"true\" aria-invalid=\"false\" placeholder=\"Email\" value=\"\" type=\"email\" name=\"field-email\" \/><\/span>\n\t\t\t<\/p>\n\t\t<\/div>\n\t\t<div class=\"field field-telefono\">\n\t\t\t<p><span class=\"wpcf7-form-control-wrap\" data-name=\"field-telefono\"><input size=\"40\" maxlength=\"400\" class=\"wpcf7-form-control wpcf7-tel wpcf7-validates-as-required wpcf7-text wpcf7-validates-as-tel\" aria-required=\"true\" aria-invalid=\"false\" placeholder=\"Tel\u00e8fon\" value=\"\" type=\"tel\" name=\"field-telefono\" \/><\/span>\n\t\t\t<\/p>\n\t\t<\/div>\n\t\t<div class=\"field field-tienda\">\n\t\t\t<p><span class=\"wpcf7-form-control-wrap\" data-name=\"field-tienda\"><select class=\"wpcf7-form-control wpcf7-select\" aria-invalid=\"false\" name=\"field-tienda\"><option value=\"\">Selecciona la teva botiga<\/option><option value=\"Barcelona - C\/ Valencia 263\">Barcelona - C\/ Valencia 263<\/option><option value=\"Barcelona - C\/ Muntaner 332\">Barcelona - C\/ Muntaner 332<\/option><option value=\"Barcelona - Av. Meridiana 340\">Barcelona - Av. Meridiana 340<\/option><option value=\"Barcelona - Pg. de Fabra i Puig 97\">Barcelona - Pg. de Fabra i Puig 97<\/option><option value=\"Barcelona - Travessera de les Corts 289\">Barcelona - Travessera de les Corts 289<\/option><option value=\"Barcelona - C\/ Calvet 9\">Barcelona - C\/ Calvet 9<\/option><option value=\"Berga - Cta. de Sant Fruit\u00f3s 34\">Berga - Cta. de Sant Fruit\u00f3s 34<\/option><option value=\"Calella - C\/ de l\u2019Esgl\u00e9sia 303\">Calella - C\/ de l\u2019Esgl\u00e9sia 303<\/option><option value=\"Granollers - Pl. Lu\u00eds Perpiny\u00e0 1\">Granollers - Pl. Lu\u00eds Perpiny\u00e0 1<\/option><option value=\"Igualada - Rambla de Sant Ferran 5\">Igualada - Rambla de Sant Ferran 5<\/option><option value=\"Matar\u00f3 - C\/ de Barcelona 3\">Matar\u00f3 - C\/ de Barcelona 3<\/option><option value=\"Premi\u00e0 de Mar - C\/ de Moss\u00e8n Jacint Verdaguer 32\">Premi\u00e0 de Mar - C\/ de Moss\u00e8n Jacint Verdaguer 32<\/option><option value=\"Sabadell - C\/ de les Valls 37\">Sabadell - C\/ de les Valls 37<\/option><option value=\"Sabadell - Av. de Matadepera 69\">Sabadell - Av. de Matadepera 69<\/option><option value=\"Sant Cugat - Av. Llu\u00eds Companys i Jover 18\">Sant Cugat - Av. Llu\u00eds Companys i Jover 18<\/option><option value=\"Terrassa - C\/ de la Font Vella 1\">Terrassa - C\/ de la Font Vella 1<\/option><option value=\"Vendrell - Av. d\u2019En Jaume Carner 16\">Vendrell - Av. d\u2019En Jaume Carner 16<\/option><option value=\"Vic - Rambla de les Davallades 7\">Vic - Rambla de les Davallades 7<\/option><option value=\"Vilanova i la Geltr\u00fa - Rambla de Josep Antoni Vidal 1A\">Vilanova i la Geltr\u00fa - Rambla de Josep Antoni Vidal 1A<\/option><\/select><\/span>\n\t\t\t<\/p>\n\t\t<\/div>\n\t\t<div class=\"fields-group\">\n\t\t\t<div class=\"field field-fecha\">\n\t\t\t\t<p><span class=\"wpcf7-form-control-wrap\" data-name=\"field-fecha\"><input size=\"40\" maxlength=\"400\" class=\"wpcf7-form-control wpcf7-text wpcf7-validates-as-required walcf7-datepicker\" aria-required=\"true\" aria-invalid=\"false\" placeholder=\"Dia\" value=\"\" type=\"text\" name=\"field-fecha\" \/><\/span>\n\t\t\t\t<\/p>\n\t\t\t<\/div>\n\t\t\t<div class=\"field field-hora\">\n\t\t\t\t<p><span class=\"wpcf7-form-control-wrap\" data-name=\"field-hora\"><input size=\"40\" maxlength=\"400\" class=\"wpcf7-form-control wpcf7-text wpcf7-validates-as-required walcf7-timepicker\" aria-required=\"true\" aria-invalid=\"false\" placeholder=\"Hora\" value=\"\" type=\"text\" name=\"field-hora\" \/><\/span>\n\t\t\t\t<\/p>\n\t\t\t<\/div>\n\t\t<\/div>\n\t\t<div class=\"field field-grpd\">\n\t\t\t<p><span class=\"wpcf7-form-control-wrap\" data-name=\"field-grpd\"><span class=\"wpcf7-form-control wpcf7-acceptance\"><span class=\"wpcf7-list-item\"><label><input type=\"checkbox\" name=\"field-grpd\" value=\"1\" aria-invalid=\"false\" \/><span class=\"wpcf7-list-item-label\">Accepto la&nbsp;<a href=\"\/ca\/politica-de-privacitat\/\" target=\"_blank\">pol\u00edtica de privacitat<\/a>.<\/span><\/label><\/span><\/span><\/span>\n\t\t\t<\/p>\n\t\t<\/div>\n\t<\/div>\n\t<div class=\"buttons\">\n\t\t<p><button type=\"submit\" class=\"xsd-block-button icon-left\"><svg width=\"21\" height=\"21\" viewBox=\"0 0 21 21\" fill=\"none\" xmlns=\"http:\/\/www.w3.org\/2000\/svg\"><path d=\"M19.4095 2.98364H1.59046C1.10074 2.98364 0.703735 3.38441 0.703735 3.87877V19.3943C0.703735 19.8887 1.10074 20.2895 1.59046 20.2895H19.4095C19.8992 20.2895 20.2962 19.8887 20.2962 19.3943V3.87877C20.2962 3.38441 19.8992 2.98364 19.4095 2.98364Z\" stroke=\"white\" stroke-miterlimit=\"10\"\/><path d=\"M5.60187 0V5.98173\" stroke=\"white\" stroke-miterlimit=\"10\"\/><path d=\"M15.3981 0V5.98173\" stroke=\"white\" stroke-miterlimit=\"10\"\/><path d=\"M0.703735 8.75244H20.2962\" stroke=\"white\" stroke-miterlimit=\"10\"\/><\/svg> Demanar cita<\/button><input type=\"hidden\" name=\"utm_source\" value=\"\" \/><input type=\"hidden\" name=\"utm_medium\" value=\"\" \/><input type=\"hidden\" name=\"utm_term\" value=\"\" \/><input type=\"hidden\" name=\"utm_content\" value=\"\" \/><input type=\"hidden\" name=\"utm_campaign\" value=\"\" \/>\n\t\t<\/p>\n\t<\/div>\n<\/div><div class=\"wpcf7-response-output\" aria-hidden=\"true\"><\/div>\n<\/form>\n<\/div>\n\n\n\n\n<div style=\"height:50px\" aria-hidden=\"true\" class=\"wp-block-spacer\"><\/div>\n\n\n\n<p style=\"font-size:16px\">O pots trucar-nos al <strong><span style=\"text-decoration: underline;\"><a onclick=\"gtag('event', 'Telefono', {'event_category': 'Llamar'});\" href=\"tel:34934878749\">+34 93 487 87 49<\/a><\/span><\/strong><\/p>\n<\/div><\/div>\n\n<\/div>","protected":false},"excerpt":{"rendered":"","protected":false},"author":1,"featured_media":0,"parent":0,"menu_order":0,"comment_status":"closed","ping_status":"closed","template":"template-landing.php","meta":{"_acf_changed":false,"_joinchat":[],"footnotes":""},"class_list":["post-3055","page","type-page","status-publish","hentry"],"acf":[],"yoast_head":"<!-- This site is optimized with the Yoast SEO plugin v26.3 - https:\/\/yoast.com\/wordpress\/plugins\/seo\/ -->\n<title>Demanar Cita - Compra de oro: Comprem Or es l\u00edder en Catalu\u00f1a<\/title>\n<meta name=\"robots\" content=\"index, follow, max-snippet:-1, max-image-preview:large, max-video-preview:-1\" \/>\n<link rel=\"canonical\" href=\"https:\/\/compremor.com\/ca\/demanar-cita\/\" \/>\n<meta property=\"og:locale\" content=\"ca_ES\" \/>\n<meta property=\"og:type\" content=\"article\" \/>\n<meta property=\"og:title\" content=\"Demanar Cita - Compra de oro: Comprem Or es l\u00edder en Catalu\u00f1a\" \/>\n<meta property=\"og:url\" content=\"https:\/\/compremor.com\/ca\/demanar-cita\/\" \/>\n<meta property=\"og:site_name\" content=\"Compra de oro: Comprem Or es l\u00edder en Catalu\u00f1a\" \/>\n<meta property=\"article:modified_time\" content=\"2022-07-14T08:31:06+00:00\" \/>\n<meta property=\"og:image\" content=\"http:\/\/compremor.com\/wp-content\/uploads\/2022\/05\/formulario-748x1024.png\" \/>\n<meta name=\"twitter:card\" content=\"summary_large_image\" \/>\n<meta name=\"twitter:label1\" content=\"Est. reading time\" \/>\n\t<meta name=\"twitter:data1\" content=\"1 minute\" \/>\n<script type=\"application\/ld+json\" class=\"yoast-schema-graph\">{\"@context\":\"https:\/\/schema.org\",\"@graph\":[{\"@type\":\"WebPage\",\"@id\":\"https:\/\/compremor.com\/ca\/demanar-cita\/\",\"url\":\"https:\/\/compremor.com\/ca\/demanar-cita\/\",\"name\":\"Demanar Cita - Compra de oro: Comprem Or es l\u00edder en Catalu\u00f1a\",\"isPartOf\":{\"@id\":\"https:\/\/compremor.com\/ca\/#website\"},\"primaryImageOfPage\":{\"@id\":\"https:\/\/compremor.com\/ca\/demanar-cita\/#primaryimage\"},\"image\":{\"@id\":\"https:\/\/compremor.com\/ca\/demanar-cita\/#primaryimage\"},\"thumbnailUrl\":\"http:\/\/compremor.com\/wp-content\/uploads\/2022\/05\/formulario-748x1024.png\",\"datePublished\":\"2022-05-07T00:56:45+00:00\",\"dateModified\":\"2022-07-14T08:31:06+00:00\",\"breadcrumb\":{\"@id\":\"https:\/\/compremor.com\/ca\/demanar-cita\/#breadcrumb\"},\"inLanguage\":\"ca\",\"potentialAction\":[{\"@type\":\"ReadAction\",\"target\":[\"https:\/\/compremor.com\/ca\/demanar-cita\/\"]}]},{\"@type\":\"ImageObject\",\"inLanguage\":\"ca\",\"@id\":\"https:\/\/compremor.com\/ca\/demanar-cita\/#primaryimage\",\"url\":\"http:\/\/compremor.com\/wp-content\/uploads\/2022\/05\/formulario-748x1024.png\",\"contentUrl\":\"http:\/\/compremor.com\/wp-content\/uploads\/2022\/05\/formulario-748x1024.png\"},{\"@type\":\"BreadcrumbList\",\"@id\":\"https:\/\/compremor.com\/ca\/demanar-cita\/#breadcrumb\",\"itemListElement\":[{\"@type\":\"ListItem\",\"position\":1,\"name\":\"Home\",\"item\":\"https:\/\/compremor.com\/ca\/\"},{\"@type\":\"ListItem\",\"position\":2,\"name\":\"Demanar Cita\"}]},{\"@type\":\"WebSite\",\"@id\":\"https:\/\/compremor.com\/ca\/#website\",\"url\":\"https:\/\/compremor.com\/ca\/\",\"name\":\"Compra de oro: Comprem Or es l\u00edder en Catalu\u00f1a\",\"description\":\"Somos un grupo de tiendas de compra de oro con m\u00e1s de 40 a\u00f1os de experiencia.\",\"publisher\":{\"@id\":\"https:\/\/compremor.com\/ca\/#organization\"},\"potentialAction\":[{\"@type\":\"SearchAction\",\"target\":{\"@type\":\"EntryPoint\",\"urlTemplate\":\"https:\/\/compremor.com\/ca\/?s={search_term_string}\"},\"query-input\":{\"@type\":\"PropertyValueSpecification\",\"valueRequired\":true,\"valueName\":\"search_term_string\"}}],\"inLanguage\":\"ca\"},{\"@type\":\"Organization\",\"@id\":\"https:\/\/compremor.com\/ca\/#organization\",\"name\":\"Comprem Or\",\"url\":\"https:\/\/compremor.com\/ca\/\",\"logo\":{\"@type\":\"ImageObject\",\"inLanguage\":\"ca\",\"@id\":\"https:\/\/compremor.com\/ca\/#\/schema\/logo\/image\/\",\"url\":\"http:\/\/compremor.com\/wp-content\/uploads\/2022\/05\/comprem-or-moneda.svg\",\"contentUrl\":\"http:\/\/compremor.com\/wp-content\/uploads\/2022\/05\/comprem-or-moneda.svg\",\"width\":195,\"height\":194,\"caption\":\"Comprem Or\"},\"image\":{\"@id\":\"https:\/\/compremor.com\/ca\/#\/schema\/logo\/image\/\"}}]}<\/script>\n<!-- \/ Yoast SEO plugin. -->","yoast_head_json":{"title":"Demanar Cita - Compra de oro: Comprem Or es l\u00edder en Catalu\u00f1a","robots":{"index":"index","follow":"follow","max-snippet":"max-snippet:-1","max-image-preview":"max-image-preview:large","max-video-preview":"max-video-preview:-1"},"canonical":"https:\/\/compremor.com\/ca\/demanar-cita\/","og_locale":"ca_ES","og_type":"article","og_title":"Demanar Cita - Compra de oro: Comprem Or es l\u00edder en Catalu\u00f1a","og_url":"https:\/\/compremor.com\/ca\/demanar-cita\/","og_site_name":"Compra de oro: Comprem Or es l\u00edder en Catalu\u00f1a","article_modified_time":"2022-07-14T08:31:06+00:00","og_image":[{"url":"http:\/\/compremor.com\/wp-content\/uploads\/2022\/05\/formulario-748x1024.png","type":"","width":"","height":""}],"twitter_card":"summary_large_image","twitter_misc":{"Est. reading time":"1 minute"},"schema":{"@context":"https:\/\/schema.org","@graph":[{"@type":"WebPage","@id":"https:\/\/compremor.com\/ca\/demanar-cita\/","url":"https:\/\/compremor.com\/ca\/demanar-cita\/","name":"Demanar Cita - Compra de oro: Comprem Or es l\u00edder en Catalu\u00f1a","isPartOf":{"@id":"https:\/\/compremor.com\/ca\/#website"},"primaryImageOfPage":{"@id":"https:\/\/compremor.com\/ca\/demanar-cita\/#primaryimage"},"image":{"@id":"https:\/\/compremor.com\/ca\/demanar-cita\/#primaryimage"},"thumbnailUrl":"http:\/\/compremor.com\/wp-content\/uploads\/2022\/05\/formulario-748x1024.png","datePublished":"2022-05-07T00:56:45+00:00","dateModified":"2022-07-14T08:31:06+00:00","breadcrumb":{"@id":"https:\/\/compremor.com\/ca\/demanar-cita\/#breadcrumb"},"inLanguage":"ca","potentialAction":[{"@type":"ReadAction","target":["https:\/\/compremor.com\/ca\/demanar-cita\/"]}]},{"@type":"ImageObject","inLanguage":"ca","@id":"https:\/\/compremor.com\/ca\/demanar-cita\/#primaryimage","url":"http:\/\/compremor.com\/wp-content\/uploads\/2022\/05\/formulario-748x1024.png","contentUrl":"http:\/\/compremor.com\/wp-content\/uploads\/2022\/05\/formulario-748x1024.png"},{"@type":"BreadcrumbList","@id":"https:\/\/compremor.com\/ca\/demanar-cita\/#breadcrumb","itemListElement":[{"@type":"ListItem","position":1,"name":"Home","item":"https:\/\/compremor.com\/ca\/"},{"@type":"ListItem","position":2,"name":"Demanar Cita"}]},{"@type":"WebSite","@id":"https:\/\/compremor.com\/ca\/#website","url":"https:\/\/compremor.com\/ca\/","name":"Compra de oro: Comprem Or es l\u00edder en Catalu\u00f1a","description":"Somos un grupo de tiendas de compra de oro con m\u00e1s de 40 a\u00f1os de experiencia.","publisher":{"@id":"https:\/\/compremor.com\/ca\/#organization"},"potentialAction":[{"@type":"SearchAction","target":{"@type":"EntryPoint","urlTemplate":"https:\/\/compremor.com\/ca\/?s={search_term_string}"},"query-input":{"@type":"PropertyValueSpecification","valueRequired":true,"valueName":"search_term_string"}}],"inLanguage":"ca"},{"@type":"Organization","@id":"https:\/\/compremor.com\/ca\/#organization","name":"Comprem Or","url":"https:\/\/compremor.com\/ca\/","logo":{"@type":"ImageObject","inLanguage":"ca","@id":"https:\/\/compremor.com\/ca\/#\/schema\/logo\/image\/","url":"http:\/\/compremor.com\/wp-content\/uploads\/2022\/05\/comprem-or-moneda.svg","contentUrl":"http:\/\/compremor.com\/wp-content\/uploads\/2022\/05\/comprem-or-moneda.svg","width":195,"height":194,"caption":"Comprem Or"},"image":{"@id":"https:\/\/compremor.com\/ca\/#\/schema\/logo\/image\/"}}]}},"_links":{"self":[{"href":"https:\/\/compremor.com\/ca\/wp-json\/wp\/v2\/pages\/3055","targetHints":{"allow":["GET"]}}],"collection":[{"href":"https:\/\/compremor.com\/ca\/wp-json\/wp\/v2\/pages"}],"about":[{"href":"https:\/\/compremor.com\/ca\/wp-json\/wp\/v2\/types\/page"}],"author":[{"embeddable":true,"href":"https:\/\/compremor.com\/ca\/wp-json\/wp\/v2\/users\/1"}],"replies":[{"embeddable":true,"href":"https:\/\/compremor.com\/ca\/wp-json\/wp\/v2\/comments?post=3055"}],"version-history":[{"count":3,"href":"https:\/\/compremor.com\/ca\/wp-json\/wp\/v2\/pages\/3055\/revisions"}],"predecessor-version":[{"id":3385,"href":"https:\/\/compremor.com\/ca\/wp-json\/wp\/v2\/pages\/3055\/revisions\/3385"}],"wp:attachment":[{"href":"https:\/\/compremor.com\/ca\/wp-json\/wp\/v2\/media?parent=3055"}],"curies":[{"name":"wp","href":"https:\/\/api.w.org\/{rel}","templated":true}]}}