{"id":11835,"date":"2025-03-11T11:03:28","date_gmt":"2025-03-11T11:03:28","guid":{"rendered":"https:\/\/compremor.com\/politica-de-cookies-2\/"},"modified":"2025-03-11T11:08:30","modified_gmt":"2025-03-11T11:08:30","slug":"politica-de-cookies-2","status":"publish","type":"page","link":"https:\/\/compremor.com\/ca\/politica-de-cookies-2\/","title":{"rendered":"Pol\u00edtica de cookies"},"content":{"rendered":"<div class=\"cli_pg_page_contaner\">\n<h3>Sobre aquesta pol\u00edtica de cookies.<\/h3>\n<div>Aquesta Pol\u00edtica de cookies explica qu\u00e8 s\u00f3n les cookies i com les utilitzem. Heu de llegir aquesta pol\u00edtica per comprendre qu\u00e8 s\u00f3n les cookies, com les utilitzem, els tipus de cookies que fem servir, \u00e9s a dir, la informaci\u00f3 que recopilem mitjan\u00e7ant cookies i com s&#8217;utilitza aquesta informaci\u00f3 i com controlar les prefer\u00e8ncies de cookies. Per obtenir m\u00e9s informaci\u00f3 sobre com utilitzem, emmagatzemem i mantenim segures les vostres dades personals, consulteu la nostra Pol\u00edtica de privacitat. Podeu canviar o retirar el vostre consentiment en qualsevol moment de la Declaraci\u00f3 de cookies al nostre lloc web. Obteniu m\u00e9s informaci\u00f3 sobre qui som, com podeu contactar-nos i com processem les dades personals a la nostra Pol\u00edtica de privacitat. El vostre consentiment s&#8217;aplica als seg\u00fcents dominis: compremor.com<div class=\"wt-cli-element cli_user_consent_state\"><\/div><\/div>\n<h3>Qu\u00e8 s\u00f3n les cookies?<\/h3>\n<div>Les cookies s\u00f3n petits arxius de text que s&#8217;utilitzen per emmagatzemar petits fragments d&#8217;informaci\u00f3. Les cookies s&#8217;emmagatzemen al vostre dispositiu quan el lloc web es carrega al vostre navegador. Aquestes cookies ens ajuden a fer que el lloc web funcioni correctament, a fer-lo m\u00e9s segur, a oferir una millor experi\u00e8ncia d&#8217;usuari i a comprendre com funciona el lloc web i a analitzar qu\u00e8 funciona i on necessita millorar.<\/div>\n<h3>Com utilitzem les cookies?<\/h3>\n<div>Les cookies s\u00f3n petits arxius de text que s&#8217;utilitzen per emmagatzemar petits fragments d&#8217;informaci\u00f3. Les cookies s&#8217;emmagatzemen al vostre dispositiu quan el lloc web es carrega al vostre navegador. Aquestes cookies ens ajuden a fer que el lloc web funcioni correctament, a fer-lo m\u00e9s segur, a oferir una millor experi\u00e8ncia d&#8217;usuari i a comprendre com funciona el lloc web i a analitzar qu\u00e8 funciona i on necessita millorar.<\/div>\n<h3>Quins tipus de cookies utilitzem?<\/h3>\n<div>Les cookies utilitzades al nostre lloc web es agrupen en les seg\u00fcents categories.<div class=\"wt-cli-element cli_cookie_category_single\"><\/div>La seg\u00fcent llista detalla les cookies utilitzades al nostre lloc web.<table class=\"wt-cli-element cookielawinfo-classic cookielawinfo-row-cat-table\"><thead><tr><th scope=\"col\" class=\"cookielawinfo-column-1\">Cookie<\/th><th scope=\"col\" class=\"cookielawinfo-column-4\">Descripci\u00f3<\/th><\/thead><tbody><tr class=\"cookielawinfo-row\"><td colspan=\"2\" class=\"cookielawinfo-column-empty\"><\/td><\/tr><\/tbody><\/table><\/div>\n<h3>Com puc controlar les prefer\u00e8ncies de cookies?<\/h3>\n<div>Podeu gestionar les vostres prefer\u00e8ncies de cookies fent clic al bot\u00f3 &#8220;Configuraci\u00f3&#8221; i activant o desactivant les categories de cookies a la finestra emergent segons les vostres prefer\u00e8ncies. Si decidiu canviar les vostres prefer\u00e8ncies m\u00e9s endavant durant la vostra sessi\u00f3 de navegaci\u00f3, podeu fer clic a la pestanya &#8220;Gestionar consentiment&#8221; a la vostra pantalla. Aix\u00f2 tornar\u00e0 a mostrar l&#8217;av\u00eds de consentiment que us permetr\u00e0 canviar les vostres prefer\u00e8ncies o retirar el vostre consentiment per complet. A m\u00e9s, diferents navegadors proporcionen diferents m\u00e8todes per bloquejar i eliminar les cookies utilitzades pels llocs web. Podeu canviar la configuraci\u00f3 del vostre navegador per bloquejar\/eliminar les cookies. Per obtenir m\u00e9s informaci\u00f3 sobre com gestionar i eliminar cookies, visiteu\u00a0 wikipedia.org, www.allaboutcookies.org.<\/div>\n<div><a id=\"wt-cli-settings-btn\" tabindex=\"0\" role='button' style=\"padding:8px 25px 8px 25px; text-decoration:Underline;\" class=\"wt-cli-element cli_settings_button\"  >Configurar cookies<\/a><\/div>\n<\/div>\n","protected":false},"excerpt":{"rendered":"<p>Sobre aquesta pol\u00edtica de cookies. Aquesta Pol\u00edtica de cookies explica qu\u00e8 s\u00f3n les cookies i com les utilitzem. Heu de llegir aquesta pol\u00edtica per comprendre qu\u00e8 s\u00f3n les cookies, com les utilitzem, els tipus de cookies que fem servir, \u00e9s a dir, la informaci\u00f3 que recopilem mitjan\u00e7ant cookies i com s&#8217;utilitza aquesta informaci\u00f3 i com [&hellip;]<\/p>\n","protected":false},"author":5,"featured_media":0,"parent":0,"menu_order":0,"comment_status":"closed","ping_status":"closed","template":"","meta":{"_acf_changed":false,"_joinchat":[],"footnotes":""},"class_list":["post-11835","page","type-page","status-publish","hentry"],"acf":[],"yoast_head":"<!-- This site is optimized with the Yoast SEO plugin v26.3 - https:\/\/yoast.com\/wordpress\/plugins\/seo\/ -->\n<title>Pol\u00edtica de cookies - Compra de oro: Comprem Or es l\u00edder en Catalu\u00f1a<\/title>\n<meta name=\"robots\" content=\"index, follow, max-snippet:-1, max-image-preview:large, max-video-preview:-1\" \/>\n<link rel=\"canonical\" href=\"https:\/\/compremor.com\/ca\/politica-de-cookies-2\/\" \/>\n<meta property=\"og:locale\" content=\"ca_ES\" \/>\n<meta property=\"og:type\" content=\"article\" \/>\n<meta property=\"og:title\" content=\"Pol\u00edtica de cookies - Compra de oro: Comprem Or es l\u00edder en Catalu\u00f1a\" \/>\n<meta property=\"og:description\" content=\"Sobre aquesta pol\u00edtica de cookies. Aquesta Pol\u00edtica de cookies explica qu\u00e8 s\u00f3n les cookies i com les utilitzem. Heu de llegir aquesta pol\u00edtica per comprendre qu\u00e8 s\u00f3n les cookies, com les utilitzem, els tipus de cookies que fem servir, \u00e9s a dir, la informaci\u00f3 que recopilem mitjan\u00e7ant cookies i com s&#8217;utilitza aquesta informaci\u00f3 i com [&hellip;]\" \/>\n<meta property=\"og:url\" content=\"https:\/\/compremor.com\/ca\/politica-de-cookies-2\/\" \/>\n<meta property=\"og:site_name\" content=\"Compra de oro: Comprem Or es l\u00edder en Catalu\u00f1a\" \/>\n<meta property=\"article:modified_time\" content=\"2025-03-11T11:08:30+00:00\" \/>\n<meta name=\"twitter:card\" content=\"summary_large_image\" \/>\n<meta name=\"twitter:label1\" content=\"Est. reading time\" \/>\n\t<meta name=\"twitter:data1\" content=\"2 minutes\" \/>\n<script type=\"application\/ld+json\" class=\"yoast-schema-graph\">{\"@context\":\"https:\/\/schema.org\",\"@graph\":[{\"@type\":\"WebPage\",\"@id\":\"https:\/\/compremor.com\/ca\/politica-de-cookies-2\/\",\"url\":\"https:\/\/compremor.com\/ca\/politica-de-cookies-2\/\",\"name\":\"Pol\u00edtica de cookies - Compra de oro: Comprem Or es l\u00edder en Catalu\u00f1a\",\"isPartOf\":{\"@id\":\"https:\/\/compremor.com\/ca\/#website\"},\"datePublished\":\"2025-03-11T11:03:28+00:00\",\"dateModified\":\"2025-03-11T11:08:30+00:00\",\"breadcrumb\":{\"@id\":\"https:\/\/compremor.com\/ca\/politica-de-cookies-2\/#breadcrumb\"},\"inLanguage\":\"ca\",\"potentialAction\":[{\"@type\":\"ReadAction\",\"target\":[\"https:\/\/compremor.com\/ca\/politica-de-cookies-2\/\"]}]},{\"@type\":\"BreadcrumbList\",\"@id\":\"https:\/\/compremor.com\/ca\/politica-de-cookies-2\/#breadcrumb\",\"itemListElement\":[{\"@type\":\"ListItem\",\"position\":1,\"name\":\"Home\",\"item\":\"https:\/\/compremor.com\/ca\/\"},{\"@type\":\"ListItem\",\"position\":2,\"name\":\"Pol\u00edtica de cookies\"}]},{\"@type\":\"WebSite\",\"@id\":\"https:\/\/compremor.com\/ca\/#website\",\"url\":\"https:\/\/compremor.com\/ca\/\",\"name\":\"Compra de oro: Comprem Or es l\u00edder en Catalu\u00f1a\",\"description\":\"Somos un grupo de tiendas de compra de oro con m\u00e1s de 40 a\u00f1os de experiencia.\",\"publisher\":{\"@id\":\"https:\/\/compremor.com\/ca\/#organization\"},\"potentialAction\":[{\"@type\":\"SearchAction\",\"target\":{\"@type\":\"EntryPoint\",\"urlTemplate\":\"https:\/\/compremor.com\/ca\/?s={search_term_string}\"},\"query-input\":{\"@type\":\"PropertyValueSpecification\",\"valueRequired\":true,\"valueName\":\"search_term_string\"}}],\"inLanguage\":\"ca\"},{\"@type\":\"Organization\",\"@id\":\"https:\/\/compremor.com\/ca\/#organization\",\"name\":\"Comprem Or\",\"url\":\"https:\/\/compremor.com\/ca\/\",\"logo\":{\"@type\":\"ImageObject\",\"inLanguage\":\"ca\",\"@id\":\"https:\/\/compremor.com\/ca\/#\/schema\/logo\/image\/\",\"url\":\"http:\/\/compremor.com\/wp-content\/uploads\/2022\/05\/comprem-or-moneda.svg\",\"contentUrl\":\"http:\/\/compremor.com\/wp-content\/uploads\/2022\/05\/comprem-or-moneda.svg\",\"width\":195,\"height\":194,\"caption\":\"Comprem Or\"},\"image\":{\"@id\":\"https:\/\/compremor.com\/ca\/#\/schema\/logo\/image\/\"}}]}<\/script>\n<!-- \/ Yoast SEO plugin. -->","yoast_head_json":{"title":"Pol\u00edtica de cookies - Compra de oro: Comprem Or es l\u00edder en Catalu\u00f1a","robots":{"index":"index","follow":"follow","max-snippet":"max-snippet:-1","max-image-preview":"max-image-preview:large","max-video-preview":"max-video-preview:-1"},"canonical":"https:\/\/compremor.com\/ca\/politica-de-cookies-2\/","og_locale":"ca_ES","og_type":"article","og_title":"Pol\u00edtica de cookies - Compra de oro: Comprem Or es l\u00edder en Catalu\u00f1a","og_description":"Sobre aquesta pol\u00edtica de cookies. Aquesta Pol\u00edtica de cookies explica qu\u00e8 s\u00f3n les cookies i com les utilitzem. Heu de llegir aquesta pol\u00edtica per comprendre qu\u00e8 s\u00f3n les cookies, com les utilitzem, els tipus de cookies que fem servir, \u00e9s a dir, la informaci\u00f3 que recopilem mitjan\u00e7ant cookies i com s&#8217;utilitza aquesta informaci\u00f3 i com [&hellip;]","og_url":"https:\/\/compremor.com\/ca\/politica-de-cookies-2\/","og_site_name":"Compra de oro: Comprem Or es l\u00edder en Catalu\u00f1a","article_modified_time":"2025-03-11T11:08:30+00:00","twitter_card":"summary_large_image","twitter_misc":{"Est. reading time":"2 minutes"},"schema":{"@context":"https:\/\/schema.org","@graph":[{"@type":"WebPage","@id":"https:\/\/compremor.com\/ca\/politica-de-cookies-2\/","url":"https:\/\/compremor.com\/ca\/politica-de-cookies-2\/","name":"Pol\u00edtica de cookies - Compra de oro: Comprem Or es l\u00edder en Catalu\u00f1a","isPartOf":{"@id":"https:\/\/compremor.com\/ca\/#website"},"datePublished":"2025-03-11T11:03:28+00:00","dateModified":"2025-03-11T11:08:30+00:00","breadcrumb":{"@id":"https:\/\/compremor.com\/ca\/politica-de-cookies-2\/#breadcrumb"},"inLanguage":"ca","potentialAction":[{"@type":"ReadAction","target":["https:\/\/compremor.com\/ca\/politica-de-cookies-2\/"]}]},{"@type":"BreadcrumbList","@id":"https:\/\/compremor.com\/ca\/politica-de-cookies-2\/#breadcrumb","itemListElement":[{"@type":"ListItem","position":1,"name":"Home","item":"https:\/\/compremor.com\/ca\/"},{"@type":"ListItem","position":2,"name":"Pol\u00edtica de cookies"}]},{"@type":"WebSite","@id":"https:\/\/compremor.com\/ca\/#website","url":"https:\/\/compremor.com\/ca\/","name":"Compra de oro: Comprem Or es l\u00edder en Catalu\u00f1a","description":"Somos un grupo de tiendas de compra de oro con m\u00e1s de 40 a\u00f1os de experiencia.","publisher":{"@id":"https:\/\/compremor.com\/ca\/#organization"},"potentialAction":[{"@type":"SearchAction","target":{"@type":"EntryPoint","urlTemplate":"https:\/\/compremor.com\/ca\/?s={search_term_string}"},"query-input":{"@type":"PropertyValueSpecification","valueRequired":true,"valueName":"search_term_string"}}],"inLanguage":"ca"},{"@type":"Organization","@id":"https:\/\/compremor.com\/ca\/#organization","name":"Comprem Or","url":"https:\/\/compremor.com\/ca\/","logo":{"@type":"ImageObject","inLanguage":"ca","@id":"https:\/\/compremor.com\/ca\/#\/schema\/logo\/image\/","url":"http:\/\/compremor.com\/wp-content\/uploads\/2022\/05\/comprem-or-moneda.svg","contentUrl":"http:\/\/compremor.com\/wp-content\/uploads\/2022\/05\/comprem-or-moneda.svg","width":195,"height":194,"caption":"Comprem Or"},"image":{"@id":"https:\/\/compremor.com\/ca\/#\/schema\/logo\/image\/"}}]}},"_links":{"self":[{"href":"https:\/\/compremor.com\/ca\/wp-json\/wp\/v2\/pages\/11835","targetHints":{"allow":["GET"]}}],"collection":[{"href":"https:\/\/compremor.com\/ca\/wp-json\/wp\/v2\/pages"}],"about":[{"href":"https:\/\/compremor.com\/ca\/wp-json\/wp\/v2\/types\/page"}],"author":[{"embeddable":true,"href":"https:\/\/compremor.com\/ca\/wp-json\/wp\/v2\/users\/5"}],"replies":[{"embeddable":true,"href":"https:\/\/compremor.com\/ca\/wp-json\/wp\/v2\/comments?post=11835"}],"version-history":[{"count":2,"href":"https:\/\/compremor.com\/ca\/wp-json\/wp\/v2\/pages\/11835\/revisions"}],"predecessor-version":[{"id":11838,"href":"https:\/\/compremor.com\/ca\/wp-json\/wp\/v2\/pages\/11835\/revisions\/11838"}],"wp:attachment":[{"href":"https:\/\/compremor.com\/ca\/wp-json\/wp\/v2\/media?parent=11835"}],"curies":[{"name":"wp","href":"https:\/\/api.w.org\/{rel}","templated":true}]}}